{"id":43,"date":"2021-03-13T09:33:43","date_gmt":"2021-03-13T08:33:43","guid":{"rendered":"https:\/\/www.saldern-coaching.com\/?page_id=43"},"modified":"2021-03-22T13:29:51","modified_gmt":"2021-03-22T12:29:51","slug":"ueber-mich","status":"publish","type":"page","link":"https:\/\/www.saldern-coaching.com\/en\/ueber-mich\/","title":{"rendered":"About me"},"content":{"rendered":"\n<div class=\"wp-block-image\"><figure class=\"alignright size-large is-resized\"><a href=\"https:\/\/www.saldern-coaching.com\/wp-content\/uploads\/2021\/03\/vonsaldern.jpg\"><img loading=\"lazy\" src=\"https:\/\/www.saldern-coaching.com\/wp-content\/uploads\/2021\/03\/vonsaldern-700x1024.jpg\" alt=\"About me - Jacqueline von Saldern\" class=\"wp-image-333\" width=\"148\" height=\"216\" srcset=\"https:\/\/www.saldern-coaching.com\/wp-content\/uploads\/2021\/03\/vonsaldern-700x1024.jpg 700w, https:\/\/www.saldern-coaching.com\/wp-content\/uploads\/2021\/03\/vonsaldern-205x300.jpg 205w, https:\/\/www.saldern-coaching.com\/wp-content\/uploads\/2021\/03\/vonsaldern-768x1123.jpg 768w, https:\/\/www.saldern-coaching.com\/wp-content\/uploads\/2021\/03\/vonsaldern.jpg 860w\" sizes=\"(max-width: 148px) 100vw, 148px\"><\/a><\/figure><\/div>\n\n\n\n<h4>About me<\/h4>\n\n\n\n<p>Change has been a con\u00adstant in my life. I was born and raised in New York and moved fre\u00adquent\u00adly since my child\u00adhood. After my stud\u00adies I changed career fields sev\u00ader\u00adal times and that has made for a mul\u00adti\u00adfac\u00adeted CV. When I found myself in deci\u00adsive peri\u00adods of change, I also called upon advice of a pro\u00adfes\u00adsion\u00adal coach. That is how I myself dis\u00adcov\u00adered what an impor\u00adtant role a coach can play dur\u00ading times of transition.<\/p>\n\n\n\n<p>Pro\u00adfes\u00adsion\u00adal\u00adly and per\u00adson\u00adal\u00adly, my curios\u00adi\u00adty for the indi\u00advid\u00adual per\u00adson is at the cen\u00adter of what I do while the con\u00adtext is sec\u00adondary. That is why I think in net\u00adworks, oper\u00adate through net\u00adworks, built up net\u00adworks, and led pro\u00adfes\u00adsion\u00adal net\u00adworks for many years. My career expe\u00adri\u00adence as a gen\u00ader\u00adal\u00adist, my inter\u00adna\u00adtion\u00adal scope and my life expe\u00adri\u00adence enable me to empathize with entire\u00adly dif\u00adfer\u00adent indi\u00advid\u00adu\u00adals and under\u00adstand their diverse cul\u00adtures and career fields.<\/p>\n\n\n\n<p>My approach is always prag\u00admat\u00adic and ori\u00adent\u00aded towards an achiev\u00adable goal. Last but not least, through good times and bad, my sense of humor has nev\u00ader aban\u00addoned&nbsp;me.<\/p>\n","protected":false},"excerpt":{"rendered":"<p>About me Change has been a con\u00adstant in my life. I was born and raised in New York and moved fre\u00adquent\u00adly since my child\u00adhood. After my stud\u00adies I changed career fields sev\u00ader\u00adal times and that has made for a mul\u00adti\u00adfac\u00adeted CV. When I found myself in deci\u00adsive peri\u00adods of change, I also called upon advice&nbsp;\u2026<\/p>\n","protected":false},"author":1,"featured_media":0,"parent":0,"menu_order":0,"comment_status":"closed","ping_status":"closed","template":"","meta":{"wp_typography_post_enhancements_disabled":false},"yoast_head":"<!-- This site is optimized with the Yoast SEO plugin v19.9 - https:\/\/yoast.com\/wordpress\/plugins\/seo\/ -->\n<title>\u00dcber mich: von Saldern | Karriereberatung &amp; Coaching<\/title>\n<meta name=\"description\" content=\"\u00dcber mich - Karriereberatung &amp; Coaching | Deutsch Englisch: Neuorientierung f\u00fcr Fach- und F\u00fchrungskr\u00e4fte, F\u00f6rderung von Frauen, Expats\" \/>\n<meta name=\"robots\" content=\"index, follow, max-snippet:-1, max-image-preview:large, max-video-preview:-1\" \/>\n<link rel=\"canonical\" href=\"https:\/\/www.saldern-coaching.com\/de\/ueber-mich\/\" \/>\n<meta property=\"og:locale\" content=\"en_US\" \/>\n<meta property=\"og:type\" content=\"article\" \/>\n<meta property=\"og:title\" content=\"\u00dcber mich: von Saldern | Karriereberatung &amp; Coaching\" \/>\n<meta property=\"og:description\" content=\"\u00dcber mich - Karriereberatung &amp; Coaching | Deutsch Englisch: Neuorientierung f\u00fcr Fach- und F\u00fchrungskr\u00e4fte, F\u00f6rderung von Frauen, Expats\" \/>\n<meta property=\"og:url\" content=\"https:\/\/www.saldern-coaching.com\/de\/ueber-mich\/\" \/>\n<meta property=\"og:site_name\" content=\"Jacqueline von Saldern\" \/>\n<meta property=\"article:modified_time\" content=\"2021-03-22T12:29:51+00:00\" \/>\n<meta property=\"og:image\" content=\"https:\/\/www.saldern-coaching.com\/wp-content\/uploads\/2021\/03\/vonsaldern-700x1024.jpg\" \/>\n<meta name=\"twitter:card\" content=\"summary_large_image\" \/>\n<meta name=\"twitter:label1\" content=\"Est. reading time\" \/>\n\t<meta name=\"twitter:data1\" content=\"1 minute\" \/>\n<script type=\"application\/ld+json\" class=\"yoast-schema-graph\">{\"@context\":\"https:\/\/schema.org\",\"@graph\":[{\"@type\":\"WebPage\",\"@id\":\"https:\/\/www.saldern-coaching.com\/de\/ueber-mich\/\",\"url\":\"https:\/\/www.saldern-coaching.com\/de\/ueber-mich\/\",\"name\":\"\u00dcber mich: von Saldern | Karriereberatung & Coaching\",\"isPartOf\":{\"@id\":\"https:\/\/www.saldern-coaching.com\/#website\"},\"datePublished\":\"2021-03-13T08:33:43+00:00\",\"dateModified\":\"2021-03-22T12:29:51+00:00\",\"description\":\"\u00dcber mich - Karriereberatung & Coaching | Deutsch Englisch: Neuorientierung f\u00fcr Fach- und F\u00fchrungskr\u00e4fte, F\u00f6rderung von Frauen, Expats\",\"breadcrumb\":{\"@id\":\"https:\/\/www.saldern-coaching.com\/de\/ueber-mich\/#breadcrumb\"},\"inLanguage\":\"en-US\",\"potentialAction\":[{\"@type\":\"ReadAction\",\"target\":[\"https:\/\/www.saldern-coaching.com\/de\/ueber-mich\/\"]}]},{\"@type\":\"BreadcrumbList\",\"@id\":\"https:\/\/www.saldern-coaching.com\/de\/ueber-mich\/#breadcrumb\",\"itemListElement\":[{\"@type\":\"ListItem\",\"position\":1,\"name\":\"Startseite\",\"item\":\"https:\/\/www.saldern-coaching.com\/de\/\"},{\"@type\":\"ListItem\",\"position\":2,\"name\":\"\u00dcber mich\"}]},{\"@type\":\"WebSite\",\"@id\":\"https:\/\/www.saldern-coaching.com\/#website\",\"url\":\"https:\/\/www.saldern-coaching.com\/\",\"name\":\"Jacqueline von Saldern\",\"description\":\"Career Counselor &amp; Coach\",\"publisher\":{\"@id\":\"https:\/\/www.saldern-coaching.com\/#\/schema\/person\/9885151246b8c7a4f807e339b6c72f99\"},\"potentialAction\":[{\"@type\":\"SearchAction\",\"target\":{\"@type\":\"EntryPoint\",\"urlTemplate\":\"https:\/\/www.saldern-coaching.com\/?s={search_term_string}\"},\"query-input\":\"required name=search_term_string\"}],\"inLanguage\":\"en-US\"},{\"@type\":[\"Person\",\"Organization\"],\"@id\":\"https:\/\/www.saldern-coaching.com\/#\/schema\/person\/9885151246b8c7a4f807e339b6c72f99\",\"name\":\"stephanie\",\"image\":{\"@type\":\"ImageObject\",\"inLanguage\":\"en-US\",\"@id\":\"https:\/\/www.saldern-coaching.com\/#\/schema\/person\/image\/\",\"url\":\"https:\/\/www.saldern-coaching.com\/wp-content\/uploads\/2021\/03\/salderncoaching_header.jpg\",\"contentUrl\":\"https:\/\/www.saldern-coaching.com\/wp-content\/uploads\/2021\/03\/salderncoaching_header.jpg\",\"width\":838,\"height\":140,\"caption\":\"stephanie\"},\"logo\":{\"@id\":\"https:\/\/www.saldern-coaching.com\/#\/schema\/person\/image\/\"}}]}<\/script>\n<!-- \/ Yoast SEO plugin. -->","yoast_head_json":{"title":"\u00dcber mich: von Saldern | Karriereberatung & Coaching","description":"\u00dcber mich - Karriereberatung & Coaching | Deutsch Englisch: Neuorientierung f\u00fcr Fach- und F\u00fchrungskr\u00e4fte, F\u00f6rderung von Frauen, Expats","robots":{"index":"index","follow":"follow","max-snippet":"max-snippet:-1","max-image-preview":"max-image-preview:large","max-video-preview":"max-video-preview:-1"},"canonical":"https:\/\/www.saldern-coaching.com\/de\/ueber-mich\/","og_locale":"en_US","og_type":"article","og_title":"\u00dcber mich: von Saldern | Karriereberatung & Coaching","og_description":"\u00dcber mich - Karriereberatung & Coaching | Deutsch Englisch: Neuorientierung f\u00fcr Fach- und F\u00fchrungskr\u00e4fte, F\u00f6rderung von Frauen, Expats","og_url":"https:\/\/www.saldern-coaching.com\/de\/ueber-mich\/","og_site_name":"Jacqueline von Saldern","article_modified_time":"2021-03-22T12:29:51+00:00","og_image":[{"url":"https:\/\/www.saldern-coaching.com\/wp-content\/uploads\/2021\/03\/vonsaldern-700x1024.jpg"}],"twitter_card":"summary_large_image","twitter_misc":{"Est. reading time":"1 minute"},"schema":{"@context":"https:\/\/schema.org","@graph":[{"@type":"WebPage","@id":"https:\/\/www.saldern-coaching.com\/de\/ueber-mich\/","url":"https:\/\/www.saldern-coaching.com\/de\/ueber-mich\/","name":"\u00dcber mich: von Saldern | Karriereberatung & Coaching","isPartOf":{"@id":"https:\/\/www.saldern-coaching.com\/#website"},"datePublished":"2021-03-13T08:33:43+00:00","dateModified":"2021-03-22T12:29:51+00:00","description":"\u00dcber mich - Karriereberatung & Coaching | Deutsch Englisch: Neuorientierung f\u00fcr Fach- und F\u00fchrungskr\u00e4fte, F\u00f6rderung von Frauen, Expats","breadcrumb":{"@id":"https:\/\/www.saldern-coaching.com\/de\/ueber-mich\/#breadcrumb"},"inLanguage":"en-US","potentialAction":[{"@type":"ReadAction","target":["https:\/\/www.saldern-coaching.com\/de\/ueber-mich\/"]}]},{"@type":"BreadcrumbList","@id":"https:\/\/www.saldern-coaching.com\/de\/ueber-mich\/#breadcrumb","itemListElement":[{"@type":"ListItem","position":1,"name":"Startseite","item":"https:\/\/www.saldern-coaching.com\/de\/"},{"@type":"ListItem","position":2,"name":"\u00dcber mich"}]},{"@type":"WebSite","@id":"https:\/\/www.saldern-coaching.com\/#website","url":"https:\/\/www.saldern-coaching.com\/","name":"Jacqueline von Saldern","description":"Career Counselor &amp; Coach","publisher":{"@id":"https:\/\/www.saldern-coaching.com\/#\/schema\/person\/9885151246b8c7a4f807e339b6c72f99"},"potentialAction":[{"@type":"SearchAction","target":{"@type":"EntryPoint","urlTemplate":"https:\/\/www.saldern-coaching.com\/?s={search_term_string}"},"query-input":"required name=search_term_string"}],"inLanguage":"en-US"},{"@type":["Person","Organization"],"@id":"https:\/\/www.saldern-coaching.com\/#\/schema\/person\/9885151246b8c7a4f807e339b6c72f99","name":"stephanie","image":{"@type":"ImageObject","inLanguage":"en-US","@id":"https:\/\/www.saldern-coaching.com\/#\/schema\/person\/image\/","url":"https:\/\/www.saldern-coaching.com\/wp-content\/uploads\/2021\/03\/salderncoaching_header.jpg","contentUrl":"https:\/\/www.saldern-coaching.com\/wp-content\/uploads\/2021\/03\/salderncoaching_header.jpg","width":838,"height":140,"caption":"stephanie"},"logo":{"@id":"https:\/\/www.saldern-coaching.com\/#\/schema\/person\/image\/"}}]}},"_links":{"self":[{"href":"https:\/\/www.saldern-coaching.com\/en\/wp-json\/wp\/v2\/pages\/43"}],"collection":[{"href":"https:\/\/www.saldern-coaching.com\/en\/wp-json\/wp\/v2\/pages"}],"about":[{"href":"https:\/\/www.saldern-coaching.com\/en\/wp-json\/wp\/v2\/types\/page"}],"author":[{"embeddable":true,"href":"https:\/\/www.saldern-coaching.com\/en\/wp-json\/wp\/v2\/users\/1"}],"replies":[{"embeddable":true,"href":"https:\/\/www.saldern-coaching.com\/en\/wp-json\/wp\/v2\/comments?post=43"}],"version-history":[{"count":12,"href":"https:\/\/www.saldern-coaching.com\/en\/wp-json\/wp\/v2\/pages\/43\/revisions"}],"predecessor-version":[{"id":475,"href":"https:\/\/www.saldern-coaching.com\/en\/wp-json\/wp\/v2\/pages\/43\/revisions\/475"}],"wp:attachment":[{"href":"https:\/\/www.saldern-coaching.com\/en\/wp-json\/wp\/v2\/media?parent=43"}],"curies":[{"name":"wp","href":"https:\/\/api.w.org\/{rel}","templated":true}]}}