{"id":39,"date":"2021-03-13T09:33:09","date_gmt":"2021-03-13T08:33:09","guid":{"rendered":"https:\/\/www.saldern-coaching.com\/?page_id=39"},"modified":"2021-03-22T13:27:05","modified_gmt":"2021-03-22T12:27:05","slug":"testimonials","status":"publish","type":"page","link":"https:\/\/www.saldern-coaching.com\/en\/testimonials\/","title":{"rendered":"Testimonials"},"content":{"rendered":"\n<div class=\"wp-block-image bildlayer\"><figure class=\"alignright size-large\"><img src=\"https:\/\/saldern-coaching.com\/wp-content\/uploads\/2021\/03\/saldern_referenzen_ballon.jpg\" alt=\"Testimonials - Balloon\" class=\"wp-image-691\"><\/figure><\/div>\n\n\n\n<h2>Testimonials<\/h2>\n\n\n\n<p>In the last years I con\u00adsult\u00aded over 500 indi\u00advid\u00adual clients. Issues ranged from pro\u00adfes\u00adsion\u00adal devel\u00adop\u00adment, reori\u00aden\u00adta\u00adtion, lead\u00ader\u00adship per\u00adfor\u00admance on the job or mar\u00adket\u00ading strate\u00adgies for free\u00adlancers. Most of them were in mid-career or senior posi\u00adtions with inter\u00adna\u00adtion\u00adal pro\u00adfiles, bina\u00adtion\u00adal back\u00adground or expats. In the fol\u00adlow\u00ading a selec\u00adtion of their feedback.<\/p>\n\n\n\n<hr class=\"wp-block-separator has-text-color has-background linie\" style=\"background-color:#f8f2e2;color:#f8f2e2\">\n\n\n\n<p>I came to Jacque\u00adline with a desire for a big change, but did not see clear\u00adly where I should direct my ener\u00adgy. Dur\u00ading the coach\u00ading I became more aware of my strengths and core com\u00adpe\u00adten\u00adcies. She then guid\u00aded me in fil\u00adter\u00ading my many options, and iden\u00adti\u00adfy\u00ading even new ones. With this new clar\u00adi\u00adty and vision, I found the right job in no&nbsp;time.<\/p>\n\n\n\n<p><em>Julia J\u00fcr\u00adgens, Head of Lead\u00ader\u00adship Devel\u00adop\u00adment, METRO AG, D\u00fcs\u00adsel\u00addorf, (ZIF Expert Roster)<\/em><\/p>\n\n\n\n<hr class=\"wp-block-separator has-text-color has-background linie\" style=\"background-color:#f8f2e2;color:#f8f2e2\">\n\n\n\n<p>Dur\u00ading tur\u00adbu\u00adlent pro\u00adfes\u00adsion\u00adal times Jacque\u00adline has been an enor\u00admous sup\u00adport. New on the job mar\u00adket in Berlin I came to her with many ques\u00adtions and doubts. I found in her a pro\u00adfes\u00adsion\u00adal and hon\u00adest source of exper\u00adtise and knowl\u00adedge that guid\u00aded me through my career chang\u00ading times. She is also some\u00adone who under\u00adstands expats well and their inte\u00adgra\u00adtion needs in a work place such as Berlin.<\/p>\n\n\n\n<p><em>Marcela Gay\u00adbor, Pub\u00adlic Affairs spe\u00adcial\u00adist relo\u00adcat\u00ading from Brus\u00adsels to Berlin<\/em><\/p>\n\n\n\n<hr class=\"wp-block-separator has-text-color has-background linie\" style=\"background-color:#f8f2e2;color:#f8f2e2\">\n\n\n\n<p>Jacque\u00adline is a fan\u00adtas\u00adtic coach with a wealth of expe\u00adri\u00adence. On sev\u00ader\u00adal occa\u00adsions dur\u00ading my career, her thought\u00adful ques\u00adtions have guid\u00aded me to find my own answers and to select the right path for\u00adward. I high\u00adly rec\u00adom\u00admend&nbsp;her!<\/p>\n\n\n\n<p><em>Daria Nashat, Nashat Con\u00adsult\u00ading \u2013 Lead\u00ading with Resilience, Brussels<\/em><\/p>\n\n\n\n<hr class=\"wp-block-separator has-text-color has-background linie\" style=\"background-color:#f8f2e2;color:#f8f2e2\">\n\n\n\n<p>Coach\u00ading with Jacque\u00adline has been a pow\u00ader\u00adful expe\u00adri\u00adence for my pro\u00adfes\u00adsion\u00adal as well as pri\u00advate life. She helped me sort out my miss\u00ading links in order to advance my career and iden\u00adti\u00adfy nec\u00ades\u00adsary steps of action. Last but not least she made me real\u00adize how impor\u00adtant it is to spend qual\u00adi\u00adty time in both areas of my life: pro\u00adfes\u00adsion\u00adal and pri\u00advate. In spite of a very busy agen\u00adda I under\u00adstood how cru\u00adcial it is to take the time to focus on myself so as to be at my per\u00adson\u00adal&nbsp;best.<\/p>\n\n\n\n<p><em>Prof. Dr. Zofia F., Board Mem\u00adber with\u00adin the inter\u00adna\u00adtion\u00adal bank\u00ading sec\u00adtor, Warsaw<\/em><\/p>\n\n\n\n<hr class=\"wp-block-separator has-text-color has-background linie\" style=\"background-color:#f8f2e2;color:#f8f2e2\">\n\n\n\n<p>Want\u00adi\u00adng to change my career path in search of inter\u00adna\u00adtion\u00adal jobs is when I met Jacque\u00adline. She helped me iden\u00adti\u00adfy my trans\u00adfer\u00adable skills and encour\u00adaged me to use my diverse back\u00adground rather as a strength than a weak\u00adness. I then man\u00adaged a suc\u00adcess\u00adful tran\u00adsi\u00adtion into a new field. Even after I start\u00aded my job Jacque\u00adline act\u00aded as men\u00adtor to dis\u00adcuss and over\u00adcome first dif\u00adfi\u00adcul\u00adties in my new role. Her advice was always sen\u00adsi\u00adtive, pru\u00addent, and expe\u00adri\u00adenced. Last but not least, she is a kind and calm per\u00adson and there\u00adfore very pleas\u00adant to work&nbsp;with.<\/p>\n\n\n\n<p><em>Ver\u00ade\u00adna Mauch, Senior TB Con\u00adsul\u00adtant, KNCV Tuber\u00adcu\u00adlo\u00adsis Foun\u00adda\u00adtion, Den&nbsp;Haag<\/em><\/p>\n\n\n\n<hr class=\"wp-block-separator has-text-color has-background linie\" style=\"background-color:#f8f2e2;color:#f8f2e2\">\n\n\n\n<p>As career coach Jacque\u00adline was extreme\u00adly sup\u00adport\u00adive under\u00adstand\u00ading all my con\u00adcerns, and pro\u00advid\u00ading for pos\u00adsi\u00adble solu\u00adtions \u201con the fly\u201d. I was pleased to work with her and high\u00adly appre\u00adci\u00adat\u00aded her inputs in the result! Dur\u00ading our ses\u00adsions we pro\u00adgressed from CV edit\u00ading and adopt\u00ading it to Ger\u00adman stan\u00addards, dis\u00adcussing the over\u00adall job mar\u00adket sit\u00adu\u00ada\u00adtion, up to prepar\u00ading face-to-face meet\u00adings with hir\u00ading man\u00adagers. She pro\u00advid\u00aded me with a very good under\u00adstand\u00ading of local spe\u00adcif\u00adic as well as mean\u00ading\u00adful feedback.<\/p>\n\n\n\n<p><em>Tat\u00adjana M., Senior IT Con\u00adsul\u00adtant from Rus\u00adsia relo\u00adcat\u00ading to Germany<\/em><\/p>\n\n\n\n<hr class=\"wp-block-separator has-text-color has-background linie\" style=\"background-color:#f8f2e2;color:#f8f2e2\">\n\n\n\n<p>Start\u00ading career coun\u00adsel\u00ading with Jacque\u00adline was one of my smartest career moves yet. It got me think\u00ading about where my pro\u00adfile fit into the mar\u00adket, encour\u00adaged me to cul\u00adture new con\u00adtacts and devel\u00adop a force\u00adful appli\u00adca\u00adtion pack\u00adage. When one late night I stum\u00adbled across a per\u00adfect online job advert with a short dead\u00adline, I was well pre\u00adpared to tweak my CV accord\u00ading\u00adly and com\u00adpose a con\u00advinc\u00ading let\u00adter of intent. A while lat\u00ader I got the antic\u00adi\u00adpat\u00aded call \u2013 a native Eng\u00adlish speak\u00ader in Ger\u00admany in the mid\u00addle of the worst finan\u00adcial cri\u00adsis in years (2009) \u2013 and found my dream&nbsp;job!<\/p>\n\n\n\n<p><em>Shaughn McArthur, Pol\u00adi\u00adcy and Influ\u00adence Lead, CARE Cana\u00adda, Ottawa<br>(Her\u00adtie School Alum\u00adni, Mas\u00adter in Pub\u00adlic Policy)<\/em><\/p>\n\n\n\n<hr class=\"wp-block-separator has-text-color has-background linie\" style=\"background-color:#f8f2e2;color:#f8f2e2\">\n\n\n\n<p>A devel\u00adop\u00adment expert from Peru with over 10 years\u2019 expe\u00adri\u00adence in the Andean region I relo\u00adcat\u00aded to Berlin for a grad\u00adu\u00adate pro\u00adgram at the Her\u00adtie School. When I turned to Jacque\u00adline for career coun\u00adsel\u00ading she imme\u00addi\u00adate\u00adly under\u00adstood the chal\u00adlenge of being a mid-career con\u00adsul\u00adtant look\u00ading for high-qual\u00adi\u00adty project work with only basic Ger\u00adman. With\u00adout her guid\u00adance, I would most like\u00adly not have found my cur\u00adrent employ\u00ader GIZ \u2014 hav\u00ading then had to return to Peru thus miss\u00ading out on an inter\u00adna\u00adtion\u00adal career.<\/p>\n\n\n\n<p><em>Car\u00admen R., Senior Devel\u00adop\u00adment Con\u00adsul\u00adtant, GIZ, Berlin (Her\u00adtie School Alum\u00adni, Mas\u00adter in Pub\u00adlic Policy)<\/em><\/p>\n","protected":false},"excerpt":{"rendered":"<p>Tes\u00adti\u00admo\u00adni\u00adals In the last years I con\u00adsult\u00aded over 500 indi\u00advid\u00adual clients. Issues ranged from pro\u00adfes\u00adsion\u00adal devel\u00adop\u00adment, reori\u00aden\u00adta\u00adtion, lead\u00ader\u00adship per\u00adfor\u00admance on the job or mar\u00adket\u00ading strate\u00adgies for free\u00adlancers. Most of them were in mid-career or senior posi\u00adtions with inter\u00adna\u00adtion\u00adal pro\u00adfiles, bina\u00adtion\u00adal back\u00adground or expats. In the fol\u00adlow\u00ading a selec\u00adtion of their feed\u00adback. I came to Jacqueline&nbsp;\u2026<\/p>\n","protected":false},"author":1,"featured_media":0,"parent":0,"menu_order":0,"comment_status":"closed","ping_status":"closed","template":"","meta":{"wp_typography_post_enhancements_disabled":false},"yoast_head":"<!-- This site is optimized with the Yoast SEO plugin v19.9 - https:\/\/yoast.com\/wordpress\/plugins\/seo\/ -->\n<title>Testimonials: von Saldern | Karriereberatung &amp; Coaching<\/title>\n<meta name=\"description\" content=\"Testimonials - Karriereberatung &amp; Coaching | Deutsch Englisch: Neuorientierung f\u00fcr Fach- und F\u00fchrungskr\u00e4fte, F\u00f6rderung von Frauen, Expats\" \/>\n<meta name=\"robots\" content=\"index, follow, max-snippet:-1, max-image-preview:large, max-video-preview:-1\" \/>\n<link rel=\"canonical\" href=\"https:\/\/www.saldern-coaching.com\/de\/testimonials\/\" \/>\n<meta property=\"og:locale\" content=\"en_US\" \/>\n<meta property=\"og:type\" content=\"article\" \/>\n<meta property=\"og:title\" content=\"Testimonials: von Saldern | Karriereberatung &amp; Coaching\" \/>\n<meta property=\"og:description\" content=\"Testimonials - Karriereberatung &amp; Coaching | Deutsch Englisch: Neuorientierung f\u00fcr Fach- und F\u00fchrungskr\u00e4fte, F\u00f6rderung von Frauen, Expats\" \/>\n<meta property=\"og:url\" content=\"https:\/\/www.saldern-coaching.com\/de\/testimonials\/\" \/>\n<meta property=\"og:site_name\" content=\"Jacqueline von Saldern\" \/>\n<meta property=\"article:modified_time\" content=\"2021-03-22T12:27:05+00:00\" \/>\n<meta property=\"og:image\" content=\"https:\/\/saldern-coaching.com\/wp-content\/uploads\/2021\/03\/saldern_referenzen_ballon.jpg\" \/>\n<meta name=\"twitter:card\" content=\"summary_large_image\" \/>\n<meta name=\"twitter:label1\" content=\"Est. reading time\" \/>\n\t<meta name=\"twitter:data1\" content=\"4 minutes\" \/>\n<script type=\"application\/ld+json\" class=\"yoast-schema-graph\">{\"@context\":\"https:\/\/schema.org\",\"@graph\":[{\"@type\":\"WebPage\",\"@id\":\"https:\/\/www.saldern-coaching.com\/de\/testimonials\/\",\"url\":\"https:\/\/www.saldern-coaching.com\/de\/testimonials\/\",\"name\":\"Testimonials: von Saldern | Karriereberatung & Coaching\",\"isPartOf\":{\"@id\":\"https:\/\/www.saldern-coaching.com\/#website\"},\"datePublished\":\"2021-03-13T08:33:09+00:00\",\"dateModified\":\"2021-03-22T12:27:05+00:00\",\"description\":\"Testimonials - Karriereberatung & Coaching | Deutsch Englisch: Neuorientierung f\u00fcr Fach- und F\u00fchrungskr\u00e4fte, F\u00f6rderung von Frauen, Expats\",\"breadcrumb\":{\"@id\":\"https:\/\/www.saldern-coaching.com\/de\/testimonials\/#breadcrumb\"},\"inLanguage\":\"en-US\",\"potentialAction\":[{\"@type\":\"ReadAction\",\"target\":[\"https:\/\/www.saldern-coaching.com\/de\/testimonials\/\"]}]},{\"@type\":\"BreadcrumbList\",\"@id\":\"https:\/\/www.saldern-coaching.com\/de\/testimonials\/#breadcrumb\",\"itemListElement\":[{\"@type\":\"ListItem\",\"position\":1,\"name\":\"Startseite\",\"item\":\"https:\/\/www.saldern-coaching.com\/de\/\"},{\"@type\":\"ListItem\",\"position\":2,\"name\":\"Testimonials\"}]},{\"@type\":\"WebSite\",\"@id\":\"https:\/\/www.saldern-coaching.com\/#website\",\"url\":\"https:\/\/www.saldern-coaching.com\/\",\"name\":\"Jacqueline von Saldern\",\"description\":\"Career Counselor &amp; Coach\",\"publisher\":{\"@id\":\"https:\/\/www.saldern-coaching.com\/#\/schema\/person\/9885151246b8c7a4f807e339b6c72f99\"},\"potentialAction\":[{\"@type\":\"SearchAction\",\"target\":{\"@type\":\"EntryPoint\",\"urlTemplate\":\"https:\/\/www.saldern-coaching.com\/?s={search_term_string}\"},\"query-input\":\"required name=search_term_string\"}],\"inLanguage\":\"en-US\"},{\"@type\":[\"Person\",\"Organization\"],\"@id\":\"https:\/\/www.saldern-coaching.com\/#\/schema\/person\/9885151246b8c7a4f807e339b6c72f99\",\"name\":\"stephanie\",\"image\":{\"@type\":\"ImageObject\",\"inLanguage\":\"en-US\",\"@id\":\"https:\/\/www.saldern-coaching.com\/#\/schema\/person\/image\/\",\"url\":\"https:\/\/www.saldern-coaching.com\/wp-content\/uploads\/2021\/03\/salderncoaching_header.jpg\",\"contentUrl\":\"https:\/\/www.saldern-coaching.com\/wp-content\/uploads\/2021\/03\/salderncoaching_header.jpg\",\"width\":838,\"height\":140,\"caption\":\"stephanie\"},\"logo\":{\"@id\":\"https:\/\/www.saldern-coaching.com\/#\/schema\/person\/image\/\"}}]}<\/script>\n<!-- \/ Yoast SEO plugin. -->","yoast_head_json":{"title":"Testimonials: von Saldern | Karriereberatung & Coaching","description":"Testimonials - Karriereberatung & Coaching | Deutsch Englisch: Neuorientierung f\u00fcr Fach- und F\u00fchrungskr\u00e4fte, F\u00f6rderung von Frauen, Expats","robots":{"index":"index","follow":"follow","max-snippet":"max-snippet:-1","max-image-preview":"max-image-preview:large","max-video-preview":"max-video-preview:-1"},"canonical":"https:\/\/www.saldern-coaching.com\/de\/testimonials\/","og_locale":"en_US","og_type":"article","og_title":"Testimonials: von Saldern | Karriereberatung & Coaching","og_description":"Testimonials - Karriereberatung & Coaching | Deutsch Englisch: Neuorientierung f\u00fcr Fach- und F\u00fchrungskr\u00e4fte, F\u00f6rderung von Frauen, Expats","og_url":"https:\/\/www.saldern-coaching.com\/de\/testimonials\/","og_site_name":"Jacqueline von Saldern","article_modified_time":"2021-03-22T12:27:05+00:00","og_image":[{"url":"https:\/\/saldern-coaching.com\/wp-content\/uploads\/2021\/03\/saldern_referenzen_ballon.jpg"}],"twitter_card":"summary_large_image","twitter_misc":{"Est. reading time":"4 minutes"},"schema":{"@context":"https:\/\/schema.org","@graph":[{"@type":"WebPage","@id":"https:\/\/www.saldern-coaching.com\/de\/testimonials\/","url":"https:\/\/www.saldern-coaching.com\/de\/testimonials\/","name":"Testimonials: von Saldern | Karriereberatung & Coaching","isPartOf":{"@id":"https:\/\/www.saldern-coaching.com\/#website"},"datePublished":"2021-03-13T08:33:09+00:00","dateModified":"2021-03-22T12:27:05+00:00","description":"Testimonials - Karriereberatung & Coaching | Deutsch Englisch: Neuorientierung f\u00fcr Fach- und F\u00fchrungskr\u00e4fte, F\u00f6rderung von Frauen, Expats","breadcrumb":{"@id":"https:\/\/www.saldern-coaching.com\/de\/testimonials\/#breadcrumb"},"inLanguage":"en-US","potentialAction":[{"@type":"ReadAction","target":["https:\/\/www.saldern-coaching.com\/de\/testimonials\/"]}]},{"@type":"BreadcrumbList","@id":"https:\/\/www.saldern-coaching.com\/de\/testimonials\/#breadcrumb","itemListElement":[{"@type":"ListItem","position":1,"name":"Startseite","item":"https:\/\/www.saldern-coaching.com\/de\/"},{"@type":"ListItem","position":2,"name":"Testimonials"}]},{"@type":"WebSite","@id":"https:\/\/www.saldern-coaching.com\/#website","url":"https:\/\/www.saldern-coaching.com\/","name":"Jacqueline von Saldern","description":"Career Counselor &amp; Coach","publisher":{"@id":"https:\/\/www.saldern-coaching.com\/#\/schema\/person\/9885151246b8c7a4f807e339b6c72f99"},"potentialAction":[{"@type":"SearchAction","target":{"@type":"EntryPoint","urlTemplate":"https:\/\/www.saldern-coaching.com\/?s={search_term_string}"},"query-input":"required name=search_term_string"}],"inLanguage":"en-US"},{"@type":["Person","Organization"],"@id":"https:\/\/www.saldern-coaching.com\/#\/schema\/person\/9885151246b8c7a4f807e339b6c72f99","name":"stephanie","image":{"@type":"ImageObject","inLanguage":"en-US","@id":"https:\/\/www.saldern-coaching.com\/#\/schema\/person\/image\/","url":"https:\/\/www.saldern-coaching.com\/wp-content\/uploads\/2021\/03\/salderncoaching_header.jpg","contentUrl":"https:\/\/www.saldern-coaching.com\/wp-content\/uploads\/2021\/03\/salderncoaching_header.jpg","width":838,"height":140,"caption":"stephanie"},"logo":{"@id":"https:\/\/www.saldern-coaching.com\/#\/schema\/person\/image\/"}}]}},"_links":{"self":[{"href":"https:\/\/www.saldern-coaching.com\/en\/wp-json\/wp\/v2\/pages\/39"}],"collection":[{"href":"https:\/\/www.saldern-coaching.com\/en\/wp-json\/wp\/v2\/pages"}],"about":[{"href":"https:\/\/www.saldern-coaching.com\/en\/wp-json\/wp\/v2\/types\/page"}],"author":[{"embeddable":true,"href":"https:\/\/www.saldern-coaching.com\/en\/wp-json\/wp\/v2\/users\/1"}],"replies":[{"embeddable":true,"href":"https:\/\/www.saldern-coaching.com\/en\/wp-json\/wp\/v2\/comments?post=39"}],"version-history":[{"count":11,"href":"https:\/\/www.saldern-coaching.com\/en\/wp-json\/wp\/v2\/pages\/39\/revisions"}],"predecessor-version":[{"id":472,"href":"https:\/\/www.saldern-coaching.com\/en\/wp-json\/wp\/v2\/pages\/39\/revisions\/472"}],"wp:attachment":[{"href":"https:\/\/www.saldern-coaching.com\/en\/wp-json\/wp\/v2\/media?parent=39"}],"curies":[{"name":"wp","href":"https:\/\/api.w.org\/{rel}","templated":true}]}}