{"id":47,"date":"2021-03-13T09:34:14","date_gmt":"2021-03-13T08:34:14","guid":{"rendered":"https:\/\/www.saldern-coaching.com\/?page_id=47"},"modified":"2021-03-22T13:34:29","modified_gmt":"2021-03-22T12:34:29","slug":"zielgruppen","status":"publish","type":"page","link":"https:\/\/www.saldern-coaching.com\/de\/zielgruppen\/","title":{"rendered":"Zielgruppen"},"content":{"rendered":"\n<div class=\"wp-block-image bildlayer\"><figure class=\"alignright size-large is-resized\"><img loading=\"lazy\" src=\"https:\/\/saldern-coaching.com\/wp-content\/uploads\/2021\/03\/saldern_zielgruppen_zugvoegel.jpg\" alt=\"Zielgruppen - Zugv\u00f6gel\" class=\"wp-image-691\" width=\"314\" height=\"150\"><\/figure><\/div>\n\n\n\n<h2>Zielgruppen<\/h2>\n\n\n\n<h3>Zielgruppen und Fachkompetenz<\/h3>\n\n\n\n<p>Mein Ange\u00adbot richtet sich vor allem an Akademik\u00ader mit ein\u00ader inter\u00adna\u00adtionalen Aus\u00adrich\u00adtung, da hier meine beson\u00addere Feld- und Fachkom\u00adpe\u00adtenz liegen.<\/p>\n\n\n\n<ul><li><span class=\"textmarker-gruen\">Inter\u00adna\u00adtionale F\u00fchrungskr\u00e4fte<\/span><br>Fokus auf Au\u00dfen\u2011, Sicher\u00adheits- und Entwick\u00adlungspoli\u00adtik, mul\u00adti\u00adlat\u00aderale Organ\u00adi\u00adsa\u00adtio\u00adnen (u.a. UN, EU, OSZE, NATO, Welt\u00adbank) Wis\u00adsenschaft und Nonprofit<br><\/li><li><span class=\"textmarker-gruen\">Frauen in allen Beruf\u00adsphasen<\/span><br>Ein\u00adstieg, Auf\u00adstieg, Umstieg, Wiedere\u00adin\u00adstieg, 50&nbsp;plus<br><\/li><li><span class=\"textmarker-gruen\">Forschungsin\u00adsti\u00adtute und Uni\u00adver\u00adsit\u00e4ten<\/span><br>Grup\u00adpen\u00adleitung, Post\u00adgraduierte, Frauen Men\u00adtor\u00ading Pro\u00adgramme, F\u00fchrungsnachwuchs<br><\/li><li><span class=\"textmarker-gruen\">Aus\u00adland\u00adsr\u00fcck\u00adkehrer und Expats<\/span><br>Deutsche R\u00fcck\u00adkehrer aus dem Aus\u00adland; Expats in Deutsch\u00adland sowie Expat Partner<br><\/li><li><span class=\"textmarker-gruen\">Non\u00adprof\u00adit Sek\u00adtor und Stiftun\u00adgen<\/span><br>Inter\u00adna\u00adtionale Stipen\u00addi\u00aden\u00adpro\u00adgramme, Nach\u00adwuchs\u00adf\u00f6rderung, Alum\u00adni Netzwerke<br><\/li><li><span class=\"textmarker-gruen\">Freiberu\u00adfler, Exis\u00adten\u00adz\u00adgr\u00fcn\u00adder, Beruf\u00adswech\u00adsler und Quere\u00adin\u00adsteiger<\/span><br>Ins\u00adbeson\u00addere in den oben genan\u00adnten Berufsfeldern<\/li><\/ul>\n\n\n\n<h3>Sprachen und Interkulturelle Kompetenz<\/h3>\n\n\n\n<p>Als Deutsch-Amerikaner\u00adin bilin\u00adgual in New York aufgewach\u00adsen und dadurch fr\u00fch interkul\u00adturell ver\u00adsiert, berate ich regelm\u00e4\u00dfig in Deutsch wie in Englisch. Da der Gro\u00dfteil mein\u00ader Kun\u00adden einen inter\u00adna\u00adtionalen Hin\u00adter\u00adgrund hat, habe ich langj\u00e4hrige Erfahrung mit vielf\u00e4lti\u00adgen Nation\u00adal\u00adit\u00e4ten und deren Belange als Expats. Daraus entwick\u00adelte sich ein einge\u00adhen\u00addes Ver\u00adst\u00e4nd\u00adnis und eine Wertsch\u00e4tzung f\u00fcr Her\u00adaus\u00adforderun\u00adgen des \u201cFremd\u00adseins im Aus\u00adland\u201d, ins\u00adbeson\u00addere im beru\u00adflichen Kon\u00adtext. Den interkul\u00adturellen Aspekt beziehe ich selb\u00adstver\u00adst\u00e4ndlich in meine Beratung mit&nbsp;ein.<\/p>\n","protected":false},"excerpt":{"rendered":"<p>Ziel\u00adgrup\u00adpen Ziel\u00adgrup\u00adpen und Fachkom\u00adpe\u00adtenz Mein Ange\u00adbot richtet sich vor allem an Akademik\u00ader mit ein\u00ader inter\u00adna\u00adtionalen Aus\u00adrich\u00adtung, da hier meine beson\u00addere Feld- und Fachkom\u00adpe\u00adtenz liegen. Inter\u00adna\u00adtionale F\u00fchrungskr\u00e4fte\u00adFokus auf Au\u00dfen\u2011, Sicher\u00adheits- und Entwick\u00adlungspoli\u00adtik, mul\u00adti\u00adlat\u00aderale Organ\u00adi\u00adsa\u00adtio\u00adnen (u.a. UN, EU, OSZE, NATO, Welt\u00adbank) Wis\u00adsenschaft und Non\u00adprof\u00adit Frauen in allen Beruf\u00adsphasenEin\u00adstieg, Auf\u00adstieg, Umstieg, Wiedere\u00adin\u00adstieg, 50&nbsp;plus Forschungsin\u00adsti\u00adtute und Uni\u00adver\u00adsit\u00e4tenGrup\u00adpen\u00adleitung, Post\u00adgraduierte, Frauen&nbsp;\u2026<\/p>\n","protected":false},"author":1,"featured_media":0,"parent":0,"menu_order":0,"comment_status":"closed","ping_status":"closed","template":"","meta":{"wp_typography_post_enhancements_disabled":false},"yoast_head":"<!-- This site is optimized with the Yoast SEO plugin v19.9 - https:\/\/yoast.com\/wordpress\/plugins\/seo\/ -->\n<title>Target Groups: von Saldern | Career Counselor &amp; Coach<\/title>\n<meta name=\"description\" content=\"Target Groups - Career Counselor &amp; Coach | Englisch German: Reorientation for mid-career and senior, women empowerment, returnees and expats\" \/>\n<meta name=\"robots\" content=\"index, follow, max-snippet:-1, max-image-preview:large, max-video-preview:-1\" \/>\n<link rel=\"canonical\" href=\"https:\/\/www.saldern-coaching.com\/en\/zielgruppen\/\" \/>\n<meta property=\"og:locale\" content=\"de_DE\" \/>\n<meta property=\"og:type\" content=\"article\" \/>\n<meta property=\"og:title\" content=\"Target Groups: von Saldern | Career Counselor &amp; Coach\" \/>\n<meta property=\"og:description\" content=\"Target Groups - Career Counselor &amp; Coach | Englisch German: Reorientation for mid-career and senior, women empowerment, returnees and expats\" \/>\n<meta property=\"og:url\" content=\"https:\/\/www.saldern-coaching.com\/en\/zielgruppen\/\" \/>\n<meta property=\"og:site_name\" content=\"Jacqueline von Saldern\" \/>\n<meta property=\"article:modified_time\" content=\"2021-03-22T12:34:29+00:00\" \/>\n<meta property=\"og:image\" content=\"https:\/\/saldern-coaching.com\/wp-content\/uploads\/2021\/03\/saldern_zielgruppen_zugvoegel.jpg\" \/>\n<meta name=\"twitter:card\" content=\"summary_large_image\" \/>\n<meta name=\"twitter:label1\" content=\"Gesch\u00e4tzte Lesezeit\" \/>\n\t<meta name=\"twitter:data1\" content=\"2\u00a0Minuten\" \/>\n<script type=\"application\/ld+json\" class=\"yoast-schema-graph\">{\"@context\":\"https:\/\/schema.org\",\"@graph\":[{\"@type\":\"WebPage\",\"@id\":\"https:\/\/www.saldern-coaching.com\/en\/zielgruppen\/\",\"url\":\"https:\/\/www.saldern-coaching.com\/en\/zielgruppen\/\",\"name\":\"Target Groups: von Saldern | Career Counselor & Coach\",\"isPartOf\":{\"@id\":\"https:\/\/www.saldern-coaching.com\/#website\"},\"datePublished\":\"2021-03-13T08:34:14+00:00\",\"dateModified\":\"2021-03-22T12:34:29+00:00\",\"description\":\"Target Groups - Career Counselor & Coach | Englisch German: Reorientation for mid-career and senior, women empowerment, returnees and expats\",\"breadcrumb\":{\"@id\":\"https:\/\/www.saldern-coaching.com\/en\/zielgruppen\/#breadcrumb\"},\"inLanguage\":\"de-DE\",\"potentialAction\":[{\"@type\":\"ReadAction\",\"target\":[\"https:\/\/www.saldern-coaching.com\/en\/zielgruppen\/\"]}]},{\"@type\":\"BreadcrumbList\",\"@id\":\"https:\/\/www.saldern-coaching.com\/en\/zielgruppen\/#breadcrumb\",\"itemListElement\":[{\"@type\":\"ListItem\",\"position\":1,\"name\":\"Startseite\",\"item\":\"https:\/\/www.saldern-coaching.com\/de\/\"},{\"@type\":\"ListItem\",\"position\":2,\"name\":\"Target Groups\"}]},{\"@type\":\"WebSite\",\"@id\":\"https:\/\/www.saldern-coaching.com\/#website\",\"url\":\"https:\/\/www.saldern-coaching.com\/\",\"name\":\"Jacqueline von Saldern\",\"description\":\"Career Counselor &amp; Coach\",\"publisher\":{\"@id\":\"https:\/\/www.saldern-coaching.com\/#\/schema\/person\/9885151246b8c7a4f807e339b6c72f99\"},\"potentialAction\":[{\"@type\":\"SearchAction\",\"target\":{\"@type\":\"EntryPoint\",\"urlTemplate\":\"https:\/\/www.saldern-coaching.com\/?s={search_term_string}\"},\"query-input\":\"required name=search_term_string\"}],\"inLanguage\":\"de-DE\"},{\"@type\":[\"Person\",\"Organization\"],\"@id\":\"https:\/\/www.saldern-coaching.com\/#\/schema\/person\/9885151246b8c7a4f807e339b6c72f99\",\"name\":\"stephanie\",\"image\":{\"@type\":\"ImageObject\",\"inLanguage\":\"de-DE\",\"@id\":\"https:\/\/www.saldern-coaching.com\/#\/schema\/person\/image\/\",\"url\":\"https:\/\/www.saldern-coaching.com\/wp-content\/uploads\/2021\/03\/salderncoaching_header.jpg\",\"contentUrl\":\"https:\/\/www.saldern-coaching.com\/wp-content\/uploads\/2021\/03\/salderncoaching_header.jpg\",\"width\":838,\"height\":140,\"caption\":\"stephanie\"},\"logo\":{\"@id\":\"https:\/\/www.saldern-coaching.com\/#\/schema\/person\/image\/\"}}]}<\/script>\n<!-- \/ Yoast SEO plugin. -->","yoast_head_json":{"title":"Target Groups: von Saldern | Career Counselor & Coach","description":"Target Groups - Career Counselor & Coach | Englisch German: Reorientation for mid-career and senior, women empowerment, returnees and expats","robots":{"index":"index","follow":"follow","max-snippet":"max-snippet:-1","max-image-preview":"max-image-preview:large","max-video-preview":"max-video-preview:-1"},"canonical":"https:\/\/www.saldern-coaching.com\/en\/zielgruppen\/","og_locale":"de_DE","og_type":"article","og_title":"Target Groups: von Saldern | Career Counselor & Coach","og_description":"Target Groups - Career Counselor & Coach | Englisch German: Reorientation for mid-career and senior, women empowerment, returnees and expats","og_url":"https:\/\/www.saldern-coaching.com\/en\/zielgruppen\/","og_site_name":"Jacqueline von Saldern","article_modified_time":"2021-03-22T12:34:29+00:00","og_image":[{"url":"https:\/\/saldern-coaching.com\/wp-content\/uploads\/2021\/03\/saldern_zielgruppen_zugvoegel.jpg"}],"twitter_card":"summary_large_image","twitter_misc":{"Gesch\u00e4tzte Lesezeit":"2\u00a0Minuten"},"schema":{"@context":"https:\/\/schema.org","@graph":[{"@type":"WebPage","@id":"https:\/\/www.saldern-coaching.com\/en\/zielgruppen\/","url":"https:\/\/www.saldern-coaching.com\/en\/zielgruppen\/","name":"Target Groups: von Saldern | Career Counselor & Coach","isPartOf":{"@id":"https:\/\/www.saldern-coaching.com\/#website"},"datePublished":"2021-03-13T08:34:14+00:00","dateModified":"2021-03-22T12:34:29+00:00","description":"Target Groups - Career Counselor & Coach | Englisch German: Reorientation for mid-career and senior, women empowerment, returnees and expats","breadcrumb":{"@id":"https:\/\/www.saldern-coaching.com\/en\/zielgruppen\/#breadcrumb"},"inLanguage":"de-DE","potentialAction":[{"@type":"ReadAction","target":["https:\/\/www.saldern-coaching.com\/en\/zielgruppen\/"]}]},{"@type":"BreadcrumbList","@id":"https:\/\/www.saldern-coaching.com\/en\/zielgruppen\/#breadcrumb","itemListElement":[{"@type":"ListItem","position":1,"name":"Startseite","item":"https:\/\/www.saldern-coaching.com\/de\/"},{"@type":"ListItem","position":2,"name":"Target Groups"}]},{"@type":"WebSite","@id":"https:\/\/www.saldern-coaching.com\/#website","url":"https:\/\/www.saldern-coaching.com\/","name":"Jacqueline von Saldern","description":"Career Counselor &amp; Coach","publisher":{"@id":"https:\/\/www.saldern-coaching.com\/#\/schema\/person\/9885151246b8c7a4f807e339b6c72f99"},"potentialAction":[{"@type":"SearchAction","target":{"@type":"EntryPoint","urlTemplate":"https:\/\/www.saldern-coaching.com\/?s={search_term_string}"},"query-input":"required name=search_term_string"}],"inLanguage":"de-DE"},{"@type":["Person","Organization"],"@id":"https:\/\/www.saldern-coaching.com\/#\/schema\/person\/9885151246b8c7a4f807e339b6c72f99","name":"stephanie","image":{"@type":"ImageObject","inLanguage":"de-DE","@id":"https:\/\/www.saldern-coaching.com\/#\/schema\/person\/image\/","url":"https:\/\/www.saldern-coaching.com\/wp-content\/uploads\/2021\/03\/salderncoaching_header.jpg","contentUrl":"https:\/\/www.saldern-coaching.com\/wp-content\/uploads\/2021\/03\/salderncoaching_header.jpg","width":838,"height":140,"caption":"stephanie"},"logo":{"@id":"https:\/\/www.saldern-coaching.com\/#\/schema\/person\/image\/"}}]}},"_links":{"self":[{"href":"https:\/\/www.saldern-coaching.com\/de\/wp-json\/wp\/v2\/pages\/47"}],"collection":[{"href":"https:\/\/www.saldern-coaching.com\/de\/wp-json\/wp\/v2\/pages"}],"about":[{"href":"https:\/\/www.saldern-coaching.com\/de\/wp-json\/wp\/v2\/types\/page"}],"author":[{"embeddable":true,"href":"https:\/\/www.saldern-coaching.com\/de\/wp-json\/wp\/v2\/users\/1"}],"replies":[{"embeddable":true,"href":"https:\/\/www.saldern-coaching.com\/de\/wp-json\/wp\/v2\/comments?post=47"}],"version-history":[{"count":23,"href":"https:\/\/www.saldern-coaching.com\/de\/wp-json\/wp\/v2\/pages\/47\/revisions"}],"predecessor-version":[{"id":477,"href":"https:\/\/www.saldern-coaching.com\/de\/wp-json\/wp\/v2\/pages\/47\/revisions\/477"}],"wp:attachment":[{"href":"https:\/\/www.saldern-coaching.com\/de\/wp-json\/wp\/v2\/media?parent=47"}],"curies":[{"name":"wp","href":"https:\/\/api.w.org\/{rel}","templated":true}]}}