{"id":43,"date":"2021-03-13T09:33:43","date_gmt":"2021-03-13T08:33:43","guid":{"rendered":"https:\/\/www.saldern-coaching.com\/?page_id=43"},"modified":"2021-03-22T13:29:51","modified_gmt":"2021-03-22T12:29:51","slug":"ueber-mich","status":"publish","type":"page","link":"https:\/\/www.saldern-coaching.com\/de\/ueber-mich\/","title":{"rendered":"\u00dcber mich"},"content":{"rendered":"\n<div class=\"wp-block-image\"><figure class=\"alignright size-large is-resized\"><a href=\"https:\/\/www.saldern-coaching.com\/wp-content\/uploads\/2021\/03\/vonsaldern.jpg\"><img loading=\"lazy\" src=\"https:\/\/www.saldern-coaching.com\/wp-content\/uploads\/2021\/03\/vonsaldern-700x1024.jpg\" alt=\"\u00dcber mich - Jacqueline von Saldern\" class=\"wp-image-333\" width=\"148\" height=\"216\" srcset=\"https:\/\/www.saldern-coaching.com\/wp-content\/uploads\/2021\/03\/vonsaldern-700x1024.jpg 700w, https:\/\/www.saldern-coaching.com\/wp-content\/uploads\/2021\/03\/vonsaldern-205x300.jpg 205w, https:\/\/www.saldern-coaching.com\/wp-content\/uploads\/2021\/03\/vonsaldern-768x1123.jpg 768w, https:\/\/www.saldern-coaching.com\/wp-content\/uploads\/2021\/03\/vonsaldern.jpg 860w\" sizes=\"(max-width: 148px) 100vw, 148px\"><\/a><\/figure><\/div>\n\n\n\n<h4>\u00dcber mich<\/h4>\n\n\n\n<p>Das Stetige in meinem Leben war die Ver\u00e4n\u00adderung. In New York geboren und aufgewach\u00adsen, bin ich seit der Kind\u00adheit oft umge\u00adzo\u00adgen. Nach dem Studi\u00adum habe ich mehrfach, auch als Quere\u00adin\u00adsteigerin, mein Beruf\u00adsum\u00adfeld gewech\u00adselt. Daraus ist ein bunter Lebenslauf gewor\u00adden. In entschei\u00adden\u00adden Phasen des \u00dcber\u00adgangs habe ich selb\u00adst einen pro\u00adfes\u00adsionellen Coach zu Rate gezo\u00adgen und erfahren, wie auss\u00adchlaggebend dies sein kann in einem Ver\u00e4nderungsprozess.<\/p>\n\n\n\n<p>Beru\u00adflich wie pri\u00advat ste\u00adht meine Neugi\u00ader f\u00fcr den Men\u00adschen immer im Mit\u00adtelpunkt, erst an zweit\u00ader Stelle die Sache oder der Kon\u00adtext. So kam es, dass ich in Net\u00adzw\u00aderken denke, Net\u00adzw\u00aderke auf\u00adbaute, durch Net\u00adzw\u00aderke han\u00addele und schlie\u00dflich pro\u00adfes\u00adsionelle Net\u00adzw\u00aderke Jahre lang leit\u00adete. Meine vielf\u00e4ltige Beruf\u00adser\u00adfahrung als Gen\u00ader\u00adal\u00adistin, meine inter\u00adna\u00adtionale Ori\u00aden\u00adtierung und meine Lebenser\u00adfahrung erm\u00f6glichen es mir, mich ein\u00adf\u00fchlsam in ganz ver\u00adschiedene Men\u00adschen, Kul\u00adturen und Berufs\u00adfelder hineinzudenken.<\/p>\n\n\n\n<p>Mein Ansatz ist stets prag\u00adma\u00adtisch, auf eine f\u00fcr Sie erre\u00adich\u00adbare L\u00f6sung hin ori\u00aden\u00adtiert. Last but not least hat mich mein Humor auch in st\u00fcr\u00admis\u00adchen Zeit\u00aden nie im Stich gelassen. In nicht immer so ein\u00adfachen Ver\u00e4n\u00adderung\u00adsprozessen kann dieses dis\u00adtanzierte eher frohsin\u00adnige Auge aus der Metaebene eine wichtige Kom\u00adpe\u00adtenz&nbsp;sein.&nbsp;<em><\/em><\/p>\n","protected":false},"excerpt":{"rendered":"<p>\u00dcber mich Das Stetige in meinem Leben war die Ver\u00e4n\u00adderung. In New York geboren und aufgewach\u00adsen, bin ich seit der Kind\u00adheit oft umge\u00adzo\u00adgen. Nach dem Studi\u00adum habe ich mehrfach, auch als Quere\u00adin\u00adsteigerin, mein Beruf\u00adsum\u00adfeld gewech\u00adselt. Daraus ist ein bunter Lebenslauf gewor\u00adden. In entschei\u00adden\u00adden Phasen des \u00dcber\u00adgangs habe ich selb\u00adst einen pro\u00adfes\u00adsionellen Coach zu Rate gezogen&nbsp;\u2026<\/p>\n","protected":false},"author":1,"featured_media":0,"parent":0,"menu_order":0,"comment_status":"closed","ping_status":"closed","template":"","meta":{"wp_typography_post_enhancements_disabled":false},"yoast_head":"<!-- This site is optimized with the Yoast SEO plugin v19.9 - https:\/\/yoast.com\/wordpress\/plugins\/seo\/ -->\n<title>\u00dcber mich: von Saldern | Karriereberatung &amp; Coaching<\/title>\n<meta name=\"description\" content=\"\u00dcber mich - Karriereberatung &amp; Coaching | Deutsch Englisch: Neuorientierung f\u00fcr Fach- und F\u00fchrungskr\u00e4fte, F\u00f6rderung von Frauen, Expats\" \/>\n<meta name=\"robots\" content=\"index, follow, max-snippet:-1, max-image-preview:large, max-video-preview:-1\" \/>\n<link rel=\"canonical\" href=\"https:\/\/www.saldern-coaching.com\/de\/ueber-mich\/\" \/>\n<meta property=\"og:locale\" content=\"de_DE\" \/>\n<meta property=\"og:type\" content=\"article\" \/>\n<meta property=\"og:title\" content=\"\u00dcber mich: von Saldern | Karriereberatung &amp; Coaching\" \/>\n<meta property=\"og:description\" content=\"\u00dcber mich - Karriereberatung &amp; Coaching | Deutsch Englisch: Neuorientierung f\u00fcr Fach- und F\u00fchrungskr\u00e4fte, F\u00f6rderung von Frauen, Expats\" \/>\n<meta property=\"og:url\" content=\"https:\/\/www.saldern-coaching.com\/de\/ueber-mich\/\" \/>\n<meta property=\"og:site_name\" content=\"Jacqueline von Saldern\" \/>\n<meta property=\"article:modified_time\" content=\"2021-03-22T12:29:51+00:00\" \/>\n<meta property=\"og:image\" content=\"https:\/\/www.saldern-coaching.com\/wp-content\/uploads\/2021\/03\/vonsaldern-700x1024.jpg\" \/>\n<meta name=\"twitter:card\" content=\"summary_large_image\" \/>\n<meta name=\"twitter:label1\" content=\"Gesch\u00e4tzte Lesezeit\" \/>\n\t<meta name=\"twitter:data1\" content=\"1\u00a0Minute\" \/>\n<script type=\"application\/ld+json\" class=\"yoast-schema-graph\">{\"@context\":\"https:\/\/schema.org\",\"@graph\":[{\"@type\":\"WebPage\",\"@id\":\"https:\/\/www.saldern-coaching.com\/de\/ueber-mich\/\",\"url\":\"https:\/\/www.saldern-coaching.com\/de\/ueber-mich\/\",\"name\":\"\u00dcber mich: von Saldern | Karriereberatung & Coaching\",\"isPartOf\":{\"@id\":\"https:\/\/www.saldern-coaching.com\/#website\"},\"datePublished\":\"2021-03-13T08:33:43+00:00\",\"dateModified\":\"2021-03-22T12:29:51+00:00\",\"description\":\"\u00dcber mich - Karriereberatung & Coaching | Deutsch Englisch: Neuorientierung f\u00fcr Fach- und F\u00fchrungskr\u00e4fte, F\u00f6rderung von Frauen, Expats\",\"breadcrumb\":{\"@id\":\"https:\/\/www.saldern-coaching.com\/de\/ueber-mich\/#breadcrumb\"},\"inLanguage\":\"de-DE\",\"potentialAction\":[{\"@type\":\"ReadAction\",\"target\":[\"https:\/\/www.saldern-coaching.com\/de\/ueber-mich\/\"]}]},{\"@type\":\"BreadcrumbList\",\"@id\":\"https:\/\/www.saldern-coaching.com\/de\/ueber-mich\/#breadcrumb\",\"itemListElement\":[{\"@type\":\"ListItem\",\"position\":1,\"name\":\"Startseite\",\"item\":\"https:\/\/www.saldern-coaching.com\/de\/\"},{\"@type\":\"ListItem\",\"position\":2,\"name\":\"\u00dcber mich\"}]},{\"@type\":\"WebSite\",\"@id\":\"https:\/\/www.saldern-coaching.com\/#website\",\"url\":\"https:\/\/www.saldern-coaching.com\/\",\"name\":\"Jacqueline von Saldern\",\"description\":\"Career Counselor &amp; Coach\",\"publisher\":{\"@id\":\"https:\/\/www.saldern-coaching.com\/#\/schema\/person\/9885151246b8c7a4f807e339b6c72f99\"},\"potentialAction\":[{\"@type\":\"SearchAction\",\"target\":{\"@type\":\"EntryPoint\",\"urlTemplate\":\"https:\/\/www.saldern-coaching.com\/?s={search_term_string}\"},\"query-input\":\"required name=search_term_string\"}],\"inLanguage\":\"de-DE\"},{\"@type\":[\"Person\",\"Organization\"],\"@id\":\"https:\/\/www.saldern-coaching.com\/#\/schema\/person\/9885151246b8c7a4f807e339b6c72f99\",\"name\":\"stephanie\",\"image\":{\"@type\":\"ImageObject\",\"inLanguage\":\"de-DE\",\"@id\":\"https:\/\/www.saldern-coaching.com\/#\/schema\/person\/image\/\",\"url\":\"https:\/\/www.saldern-coaching.com\/wp-content\/uploads\/2021\/03\/salderncoaching_header.jpg\",\"contentUrl\":\"https:\/\/www.saldern-coaching.com\/wp-content\/uploads\/2021\/03\/salderncoaching_header.jpg\",\"width\":838,\"height\":140,\"caption\":\"stephanie\"},\"logo\":{\"@id\":\"https:\/\/www.saldern-coaching.com\/#\/schema\/person\/image\/\"}}]}<\/script>\n<!-- \/ Yoast SEO plugin. -->","yoast_head_json":{"title":"\u00dcber mich: von Saldern | Karriereberatung & Coaching","description":"\u00dcber mich - Karriereberatung & Coaching | Deutsch Englisch: Neuorientierung f\u00fcr Fach- und F\u00fchrungskr\u00e4fte, F\u00f6rderung von Frauen, Expats","robots":{"index":"index","follow":"follow","max-snippet":"max-snippet:-1","max-image-preview":"max-image-preview:large","max-video-preview":"max-video-preview:-1"},"canonical":"https:\/\/www.saldern-coaching.com\/de\/ueber-mich\/","og_locale":"de_DE","og_type":"article","og_title":"\u00dcber mich: von Saldern | Karriereberatung & Coaching","og_description":"\u00dcber mich - Karriereberatung & Coaching | Deutsch Englisch: Neuorientierung f\u00fcr Fach- und F\u00fchrungskr\u00e4fte, F\u00f6rderung von Frauen, Expats","og_url":"https:\/\/www.saldern-coaching.com\/de\/ueber-mich\/","og_site_name":"Jacqueline von Saldern","article_modified_time":"2021-03-22T12:29:51+00:00","og_image":[{"url":"https:\/\/www.saldern-coaching.com\/wp-content\/uploads\/2021\/03\/vonsaldern-700x1024.jpg"}],"twitter_card":"summary_large_image","twitter_misc":{"Gesch\u00e4tzte Lesezeit":"1\u00a0Minute"},"schema":{"@context":"https:\/\/schema.org","@graph":[{"@type":"WebPage","@id":"https:\/\/www.saldern-coaching.com\/de\/ueber-mich\/","url":"https:\/\/www.saldern-coaching.com\/de\/ueber-mich\/","name":"\u00dcber mich: von Saldern | Karriereberatung & Coaching","isPartOf":{"@id":"https:\/\/www.saldern-coaching.com\/#website"},"datePublished":"2021-03-13T08:33:43+00:00","dateModified":"2021-03-22T12:29:51+00:00","description":"\u00dcber mich - Karriereberatung & Coaching | Deutsch Englisch: Neuorientierung f\u00fcr Fach- und F\u00fchrungskr\u00e4fte, F\u00f6rderung von Frauen, Expats","breadcrumb":{"@id":"https:\/\/www.saldern-coaching.com\/de\/ueber-mich\/#breadcrumb"},"inLanguage":"de-DE","potentialAction":[{"@type":"ReadAction","target":["https:\/\/www.saldern-coaching.com\/de\/ueber-mich\/"]}]},{"@type":"BreadcrumbList","@id":"https:\/\/www.saldern-coaching.com\/de\/ueber-mich\/#breadcrumb","itemListElement":[{"@type":"ListItem","position":1,"name":"Startseite","item":"https:\/\/www.saldern-coaching.com\/de\/"},{"@type":"ListItem","position":2,"name":"\u00dcber mich"}]},{"@type":"WebSite","@id":"https:\/\/www.saldern-coaching.com\/#website","url":"https:\/\/www.saldern-coaching.com\/","name":"Jacqueline von Saldern","description":"Career Counselor &amp; Coach","publisher":{"@id":"https:\/\/www.saldern-coaching.com\/#\/schema\/person\/9885151246b8c7a4f807e339b6c72f99"},"potentialAction":[{"@type":"SearchAction","target":{"@type":"EntryPoint","urlTemplate":"https:\/\/www.saldern-coaching.com\/?s={search_term_string}"},"query-input":"required name=search_term_string"}],"inLanguage":"de-DE"},{"@type":["Person","Organization"],"@id":"https:\/\/www.saldern-coaching.com\/#\/schema\/person\/9885151246b8c7a4f807e339b6c72f99","name":"stephanie","image":{"@type":"ImageObject","inLanguage":"de-DE","@id":"https:\/\/www.saldern-coaching.com\/#\/schema\/person\/image\/","url":"https:\/\/www.saldern-coaching.com\/wp-content\/uploads\/2021\/03\/salderncoaching_header.jpg","contentUrl":"https:\/\/www.saldern-coaching.com\/wp-content\/uploads\/2021\/03\/salderncoaching_header.jpg","width":838,"height":140,"caption":"stephanie"},"logo":{"@id":"https:\/\/www.saldern-coaching.com\/#\/schema\/person\/image\/"}}]}},"_links":{"self":[{"href":"https:\/\/www.saldern-coaching.com\/de\/wp-json\/wp\/v2\/pages\/43"}],"collection":[{"href":"https:\/\/www.saldern-coaching.com\/de\/wp-json\/wp\/v2\/pages"}],"about":[{"href":"https:\/\/www.saldern-coaching.com\/de\/wp-json\/wp\/v2\/types\/page"}],"author":[{"embeddable":true,"href":"https:\/\/www.saldern-coaching.com\/de\/wp-json\/wp\/v2\/users\/1"}],"replies":[{"embeddable":true,"href":"https:\/\/www.saldern-coaching.com\/de\/wp-json\/wp\/v2\/comments?post=43"}],"version-history":[{"count":12,"href":"https:\/\/www.saldern-coaching.com\/de\/wp-json\/wp\/v2\/pages\/43\/revisions"}],"predecessor-version":[{"id":475,"href":"https:\/\/www.saldern-coaching.com\/de\/wp-json\/wp\/v2\/pages\/43\/revisions\/475"}],"wp:attachment":[{"href":"https:\/\/www.saldern-coaching.com\/de\/wp-json\/wp\/v2\/media?parent=43"}],"curies":[{"name":"wp","href":"https:\/\/api.w.org\/{rel}","templated":true}]}}