{"id":39,"date":"2021-03-13T09:33:09","date_gmt":"2021-03-13T08:33:09","guid":{"rendered":"https:\/\/www.saldern-coaching.com\/?page_id=39"},"modified":"2021-03-22T13:27:05","modified_gmt":"2021-03-22T12:27:05","slug":"testimonials","status":"publish","type":"page","link":"https:\/\/www.saldern-coaching.com\/de\/testimonials\/","title":{"rendered":"Testimonials"},"content":{"rendered":"\n<div class=\"wp-block-image bildlayer\"><figure class=\"alignright size-large\"><img src=\"https:\/\/saldern-coaching.com\/wp-content\/uploads\/2021\/03\/saldern_referenzen_ballon.jpg\" alt=\"Testimonials - Ballon\" class=\"wp-image-691\"><\/figure><\/div>\n\n\n\n<h2>Testimonials<\/h2>\n\n\n\n<p>Als Kar\u00adri\u00adere\u00adcoach habe ich \u00fcber 500 Einzelkun\u00adden in den let\u00adzten Jahren berat\u00aden, sei es bei beru\u00adflich\u00ader Neuori\u00aden\u00adtierung, F\u00fchrungs\u00adthe\u00admen im Job oder bei der Posi\u00adtion\u00adierung als Selb\u00adst\u00adst\u00e4ndi\u00adge. Vor\u00adwiegend han\u00addelte es sich um Fach- und F\u00fchrungskr\u00e4fte mit inter\u00adna\u00adtionalem Pro\u00adfil, bina\u00adtionalem Hin\u00adter\u00adgrund oder Expats. Hier eine Auswahl Ihrer Feedbacks.<\/p>\n\n\n\n<hr class=\"wp-block-separator has-text-color has-background linie\" style=\"background-color:#f8f2e2;color:#f8f2e2\">\n\n\n\n<p>Was mir bei der Beratung durch Jacque\u00adline von Saldern beson\u00adders gefall\u00aden hat, war das Gef\u00fchl wertsch\u00e4tzend kri\u00adtisiert zu wer\u00adden und die Sicher\u00adheit, eine starke Per\u00adson an mein\u00ader Seite zu haben, die mich ver\u00adste\u00adht. Sie ist eine tolle Frau und ich freue mich sie ken\u00adnen\u00adgel\u00adernt zu&nbsp;haben.<\/p>\n\n\n\n<p><em>Isabelle G., EUCAP Sahel Niger, Agadez (ZIF \u2014 Expertenpool)<\/em><\/p>\n\n\n\n<hr class=\"wp-block-separator has-text-color has-background linie\" style=\"background-color:#f8f2e2;color:#f8f2e2\">\n\n\n\n<p>Dank der pro\u00adfes\u00adsionellen und engagierten Beratung nach meinem mehrj\u00e4hri\u00adgen Aus\u00adland\u00adsein\u00adsatz kon\u00adnte ich den Wiedere\u00adin\u00adstieg in den deutschen Arbeits\u00admarkt geziel\u00adter gestal\u00adten. Frau von Saldern gab mir wertvolle Impulse f\u00fcr die \u00dcber\u00adar\u00adbeitung mein\u00ader Bewer\u00adbung\u00adsun\u00adter\u00adla\u00adgen sowie das sou\u00adver\u00e4ne Auftreten in Vorstel\u00adlungs\u00adge\u00adspr\u00e4chen. Der Erfolg des Coach\u00ading lie\u00df nicht lange auf sich warten: nur zwei Wochen nach unser\u00ader let\u00adzten Sitzung hat\u00adte ich bere\u00adits meine neue Stelle in Berlin gefunden.<\/p>\n\n\n\n<p><em>Christi\u00adna Sell, ehem. OSZE Warschau (ZIF \u2014 Expertenpool)<\/em><\/p>\n\n\n\n<hr class=\"wp-block-separator has-text-color has-background linie\" style=\"background-color:#f8f2e2;color:#f8f2e2\">\n\n\n\n<p>Den Rat von Frau von Saldern habe ich mir geholt wegen ihrer Exper\u00adtise in der Entwick\u00adlungszusam\u00adme\u00adnar\u00adbeit ins\u00adbeson\u00addere f\u00fcr R\u00fcck\u00adkehrer und bin nicht ent\u00adt\u00e4uscht wor\u00adden. Dank ihrer Insid\u00ader-Ken\u00adnt\u00adnisse gab sie mir wertvolle und fundierte Ein\u00adsch\u00e4tzun\u00adgen zu ver\u00adschiede\u00adnen deutschen Arbeit\u00adge\u00adbern, so dass ich eine gute Grund\u00adlage hat\u00adte f\u00fcr weit\u00adere Entschei\u00addun\u00adgen. Ihre Pro\u00adfes\u00adsion\u00adal\u00adit\u00e4t und fre\u00adundlich humor\u00advolle Art macht\u00aden die Zusam\u00adme\u00adnar\u00adbeit so erfol\u00adgre\u00adich wie angenehm.<\/p>\n\n\n\n<p><em>Daniela M., Experte f\u00fcr Regiona\u00adlen\u00adtwick\u00adlung, GIZ&nbsp;Benin<\/em><\/p>\n\n\n\n<hr class=\"wp-block-separator has-text-color has-background linie\" style=\"background-color:#f8f2e2;color:#f8f2e2\">\n\n\n\n<p>In Phasen beru\u00adflich\u00ader Umori\u00aden\u00adtierun\u00adgen und Zweifel, aber auch bei Her\u00adaus\u00adforderun\u00adgen im aktuellen Job, hat mich Jacque\u00adline von Saldern bestens berat\u00aden. Mit kri\u00adtis\u00adchen Fra\u00adgen, neuen Denkanst\u00f6\u00dfen und vor allem mit viel Opti\u00admis\u00admus und Moti\u00adva\u00adtion hat sie mir wesentliche Impulse gegeben. So gelang es mir, die richti\u00adgen Entschei\u00addun\u00adgen zu tre\u00adf\u00adfen, um mich beru\u00adflich bess\u00ader zu positionieren.<\/p>\n\n\n\n<p><em>Dr. Han\u00adnah W., Fach\u00adber\u00ada\u00adterin Nach\u00adhaltige Infra\u00adstruk\u00adtur, GIZ Sub\u00adsa\u00adhara Afrika<\/em><\/p>\n\n\n\n<hr class=\"wp-block-separator has-text-color has-background linie\" style=\"background-color:#f8f2e2;color:#f8f2e2\">\n\n\n\n<p>Jacque\u00adline hat mich viele Jahre begleit\u00adet \u2013 von der Pro\u00admo\u00adtion bis zur Pro\u00adfes\u00adsur. In allen Phasen kon\u00adnte ich mich auf ihren pro\u00adfes\u00adsionellen und sehr soli\u00adden Rat ver\u00adlassen. Beson\u00adders gesch\u00e4tzt habe ich ihre immer klu\u00adgen Tipps f\u00fcr die Nutzung von Net\u00adzw\u00aderken und den Umgang mit Vorge\u00adset\u00adzen in schwieri\u00adgen Situationen.<\/p>\n\n\n\n<p><em>Prof. Dr. Leonie B., Pro\u00adfes\u00adsorin im Fach\u00adbere\u00adich Poli\u00adtik\u00adwis\u00adsenschaft, Hamburg<\/em><\/p>\n\n\n\n<hr class=\"wp-block-separator has-text-color has-background linie\" style=\"background-color:#f8f2e2;color:#f8f2e2\">\n\n\n\n<p>Frau von Saldern gibt eine \u00e4u\u00dferst kom\u00adpe\u00adtente und zielf\u00fchrende Beratung. Sie arbeit\u00adet die wichti\u00adgen Dinge gemein\u00adsam mit dem Coachee her\u00adaus. Die Ergeb\u00adnisse des Coach\u00adings sprechen f\u00fcr sich: k\u00fcr\u00adzlich meine Bef\u00f6rderung auf eine h\u00f6here F\u00fchrungsposition.<\/p>\n\n\n\n<p><em>Dr. med. Manuela D., Fach\u00e4rztin f\u00fcr Innere Medi\u00adzin,&nbsp;K\u00f6ln<\/em><\/p>\n\n\n\n<hr class=\"wp-block-separator has-text-color has-background linie\" style=\"background-color:#f8f2e2;color:#f8f2e2\">\n\n\n\n<p>Nach \u00fcber 10 Jahren entsch\u00adied ich mich zu einem beru\u00adflichen Neuan\u00adfang. Da ich zun\u00e4chst mit\u00adtelm\u00e4\u00dfi\u00adgen Erfolg hat\u00adte mit Bewer\u00adbun\u00adgen, kon\u00adsul\u00adtierte ich Frau von Saldern. Beson\u00adders toll fand ich, dass sie mich sofort dort abholte, wo ich stand und mit mir von Beginn an ma\u00dfgeschnei\u00addert arbeit\u00adete. Meine Schwach\u00adstellen wur\u00adden mir sofort klar. Nach einem Inter\u00adview-Train\u00ading ging ich viel selb\u00adst\u00adsicher\u00ader in ein Bewer\u00adbungsver\u00adfahren, und der Traumjob war recht schnell da!<\/p>\n\n\n\n<p><em>Nicole K., Juristin im Gesund\u00adheitswe\u00adsen, M\u00fcnchen<\/em><\/p>\n\n\n\n<hr class=\"wp-block-separator has-text-color has-background linie\" style=\"background-color:#f8f2e2;color:#f8f2e2\">\n\n\n\n<p>Kom\u00adpe\u00adtent und ein\u00adf\u00fchlsam hat mich Jacque\u00adline in der Zeit beru\u00adflich\u00ader Neuori\u00aden\u00adtierung begleit\u00adet. Stets mit Humor f\u00fchrte sie in klar struk\u00adturi\u00aderte Schritte sowie gele\u00adgentlich notwendig schmerzhaften Phasen ein und eben\u00adso opti\u00admistisch wieder her\u00adaus. Ihre Unter\u00adst\u00fctzung st\u00e4rk\u00adte mich und ihre Zuver\u00adsicht bewahrheit\u00adete sich. Der Neuan\u00adfang gl\u00fcckte!<\/p>\n\n\n\n<p><em>Ver\u00ade\u00adna Tafel, Uni\u00adver\u00adsit\u00e4t der K\u00fcn\u00adste, Berlin<\/em><strong><\/strong><\/p>\n","protected":false},"excerpt":{"rendered":"<p>Tes\u00adti\u00admo\u00adni\u00adals Als Kar\u00adri\u00adere\u00adcoach habe ich \u00fcber 500 Einzelkun\u00adden in den let\u00adzten Jahren berat\u00aden, sei es bei beru\u00adflich\u00ader Neuori\u00aden\u00adtierung, F\u00fchrungs\u00adthe\u00admen im Job oder bei der Posi\u00adtion\u00adierung als Selb\u00adst\u00adst\u00e4ndi\u00adge. Vor\u00adwiegend han\u00addelte es sich um Fach- und F\u00fchrungskr\u00e4fte mit inter\u00adna\u00adtionalem Pro\u00adfil, bina\u00adtionalem Hin\u00adter\u00adgrund oder Expats. Hier eine Auswahl Ihrer Feed\u00adbacks. Was mir bei der Beratung durch Jacque\u00adline&nbsp;von&nbsp;\u2026<\/p>\n","protected":false},"author":1,"featured_media":0,"parent":0,"menu_order":0,"comment_status":"closed","ping_status":"closed","template":"","meta":{"wp_typography_post_enhancements_disabled":false},"yoast_head":"<!-- This site is optimized with the Yoast SEO plugin v19.9 - https:\/\/yoast.com\/wordpress\/plugins\/seo\/ -->\n<title>Testimonials: von Saldern | Karriereberatung &amp; Coaching<\/title>\n<meta name=\"description\" content=\"Testimonials - Karriereberatung &amp; Coaching | Deutsch Englisch: Neuorientierung f\u00fcr Fach- und F\u00fchrungskr\u00e4fte, F\u00f6rderung von Frauen, Expats\" \/>\n<meta name=\"robots\" content=\"index, follow, max-snippet:-1, max-image-preview:large, max-video-preview:-1\" \/>\n<link rel=\"canonical\" href=\"https:\/\/www.saldern-coaching.com\/de\/testimonials\/\" \/>\n<meta property=\"og:locale\" content=\"de_DE\" \/>\n<meta property=\"og:type\" content=\"article\" \/>\n<meta property=\"og:title\" content=\"Testimonials: von Saldern | Karriereberatung &amp; Coaching\" \/>\n<meta property=\"og:description\" content=\"Testimonials - Karriereberatung &amp; Coaching | Deutsch Englisch: Neuorientierung f\u00fcr Fach- und F\u00fchrungskr\u00e4fte, F\u00f6rderung von Frauen, Expats\" \/>\n<meta property=\"og:url\" content=\"https:\/\/www.saldern-coaching.com\/de\/testimonials\/\" \/>\n<meta property=\"og:site_name\" content=\"Jacqueline von Saldern\" \/>\n<meta property=\"article:modified_time\" content=\"2021-03-22T12:27:05+00:00\" \/>\n<meta property=\"og:image\" content=\"https:\/\/saldern-coaching.com\/wp-content\/uploads\/2021\/03\/saldern_referenzen_ballon.jpg\" \/>\n<meta name=\"twitter:card\" content=\"summary_large_image\" \/>\n<meta name=\"twitter:label1\" content=\"Gesch\u00e4tzte Lesezeit\" \/>\n\t<meta name=\"twitter:data1\" content=\"4\u00a0Minuten\" \/>\n<script type=\"application\/ld+json\" class=\"yoast-schema-graph\">{\"@context\":\"https:\/\/schema.org\",\"@graph\":[{\"@type\":\"WebPage\",\"@id\":\"https:\/\/www.saldern-coaching.com\/de\/testimonials\/\",\"url\":\"https:\/\/www.saldern-coaching.com\/de\/testimonials\/\",\"name\":\"Testimonials: von Saldern | Karriereberatung & Coaching\",\"isPartOf\":{\"@id\":\"https:\/\/www.saldern-coaching.com\/#website\"},\"datePublished\":\"2021-03-13T08:33:09+00:00\",\"dateModified\":\"2021-03-22T12:27:05+00:00\",\"description\":\"Testimonials - Karriereberatung & Coaching | Deutsch Englisch: Neuorientierung f\u00fcr Fach- und F\u00fchrungskr\u00e4fte, F\u00f6rderung von Frauen, Expats\",\"breadcrumb\":{\"@id\":\"https:\/\/www.saldern-coaching.com\/de\/testimonials\/#breadcrumb\"},\"inLanguage\":\"de-DE\",\"potentialAction\":[{\"@type\":\"ReadAction\",\"target\":[\"https:\/\/www.saldern-coaching.com\/de\/testimonials\/\"]}]},{\"@type\":\"BreadcrumbList\",\"@id\":\"https:\/\/www.saldern-coaching.com\/de\/testimonials\/#breadcrumb\",\"itemListElement\":[{\"@type\":\"ListItem\",\"position\":1,\"name\":\"Startseite\",\"item\":\"https:\/\/www.saldern-coaching.com\/de\/\"},{\"@type\":\"ListItem\",\"position\":2,\"name\":\"Testimonials\"}]},{\"@type\":\"WebSite\",\"@id\":\"https:\/\/www.saldern-coaching.com\/#website\",\"url\":\"https:\/\/www.saldern-coaching.com\/\",\"name\":\"Jacqueline von Saldern\",\"description\":\"Career Counselor &amp; Coach\",\"publisher\":{\"@id\":\"https:\/\/www.saldern-coaching.com\/#\/schema\/person\/9885151246b8c7a4f807e339b6c72f99\"},\"potentialAction\":[{\"@type\":\"SearchAction\",\"target\":{\"@type\":\"EntryPoint\",\"urlTemplate\":\"https:\/\/www.saldern-coaching.com\/?s={search_term_string}\"},\"query-input\":\"required name=search_term_string\"}],\"inLanguage\":\"de-DE\"},{\"@type\":[\"Person\",\"Organization\"],\"@id\":\"https:\/\/www.saldern-coaching.com\/#\/schema\/person\/9885151246b8c7a4f807e339b6c72f99\",\"name\":\"stephanie\",\"image\":{\"@type\":\"ImageObject\",\"inLanguage\":\"de-DE\",\"@id\":\"https:\/\/www.saldern-coaching.com\/#\/schema\/person\/image\/\",\"url\":\"https:\/\/www.saldern-coaching.com\/wp-content\/uploads\/2021\/03\/salderncoaching_header.jpg\",\"contentUrl\":\"https:\/\/www.saldern-coaching.com\/wp-content\/uploads\/2021\/03\/salderncoaching_header.jpg\",\"width\":838,\"height\":140,\"caption\":\"stephanie\"},\"logo\":{\"@id\":\"https:\/\/www.saldern-coaching.com\/#\/schema\/person\/image\/\"}}]}<\/script>\n<!-- \/ Yoast SEO plugin. -->","yoast_head_json":{"title":"Testimonials: von Saldern | Karriereberatung & Coaching","description":"Testimonials - Karriereberatung & Coaching | Deutsch Englisch: Neuorientierung f\u00fcr Fach- und F\u00fchrungskr\u00e4fte, F\u00f6rderung von Frauen, Expats","robots":{"index":"index","follow":"follow","max-snippet":"max-snippet:-1","max-image-preview":"max-image-preview:large","max-video-preview":"max-video-preview:-1"},"canonical":"https:\/\/www.saldern-coaching.com\/de\/testimonials\/","og_locale":"de_DE","og_type":"article","og_title":"Testimonials: von Saldern | Karriereberatung & Coaching","og_description":"Testimonials - Karriereberatung & Coaching | Deutsch Englisch: Neuorientierung f\u00fcr Fach- und F\u00fchrungskr\u00e4fte, F\u00f6rderung von Frauen, Expats","og_url":"https:\/\/www.saldern-coaching.com\/de\/testimonials\/","og_site_name":"Jacqueline von Saldern","article_modified_time":"2021-03-22T12:27:05+00:00","og_image":[{"url":"https:\/\/saldern-coaching.com\/wp-content\/uploads\/2021\/03\/saldern_referenzen_ballon.jpg"}],"twitter_card":"summary_large_image","twitter_misc":{"Gesch\u00e4tzte Lesezeit":"4\u00a0Minuten"},"schema":{"@context":"https:\/\/schema.org","@graph":[{"@type":"WebPage","@id":"https:\/\/www.saldern-coaching.com\/de\/testimonials\/","url":"https:\/\/www.saldern-coaching.com\/de\/testimonials\/","name":"Testimonials: von Saldern | Karriereberatung & Coaching","isPartOf":{"@id":"https:\/\/www.saldern-coaching.com\/#website"},"datePublished":"2021-03-13T08:33:09+00:00","dateModified":"2021-03-22T12:27:05+00:00","description":"Testimonials - Karriereberatung & Coaching | Deutsch Englisch: Neuorientierung f\u00fcr Fach- und F\u00fchrungskr\u00e4fte, F\u00f6rderung von Frauen, Expats","breadcrumb":{"@id":"https:\/\/www.saldern-coaching.com\/de\/testimonials\/#breadcrumb"},"inLanguage":"de-DE","potentialAction":[{"@type":"ReadAction","target":["https:\/\/www.saldern-coaching.com\/de\/testimonials\/"]}]},{"@type":"BreadcrumbList","@id":"https:\/\/www.saldern-coaching.com\/de\/testimonials\/#breadcrumb","itemListElement":[{"@type":"ListItem","position":1,"name":"Startseite","item":"https:\/\/www.saldern-coaching.com\/de\/"},{"@type":"ListItem","position":2,"name":"Testimonials"}]},{"@type":"WebSite","@id":"https:\/\/www.saldern-coaching.com\/#website","url":"https:\/\/www.saldern-coaching.com\/","name":"Jacqueline von Saldern","description":"Career Counselor &amp; Coach","publisher":{"@id":"https:\/\/www.saldern-coaching.com\/#\/schema\/person\/9885151246b8c7a4f807e339b6c72f99"},"potentialAction":[{"@type":"SearchAction","target":{"@type":"EntryPoint","urlTemplate":"https:\/\/www.saldern-coaching.com\/?s={search_term_string}"},"query-input":"required name=search_term_string"}],"inLanguage":"de-DE"},{"@type":["Person","Organization"],"@id":"https:\/\/www.saldern-coaching.com\/#\/schema\/person\/9885151246b8c7a4f807e339b6c72f99","name":"stephanie","image":{"@type":"ImageObject","inLanguage":"de-DE","@id":"https:\/\/www.saldern-coaching.com\/#\/schema\/person\/image\/","url":"https:\/\/www.saldern-coaching.com\/wp-content\/uploads\/2021\/03\/salderncoaching_header.jpg","contentUrl":"https:\/\/www.saldern-coaching.com\/wp-content\/uploads\/2021\/03\/salderncoaching_header.jpg","width":838,"height":140,"caption":"stephanie"},"logo":{"@id":"https:\/\/www.saldern-coaching.com\/#\/schema\/person\/image\/"}}]}},"_links":{"self":[{"href":"https:\/\/www.saldern-coaching.com\/de\/wp-json\/wp\/v2\/pages\/39"}],"collection":[{"href":"https:\/\/www.saldern-coaching.com\/de\/wp-json\/wp\/v2\/pages"}],"about":[{"href":"https:\/\/www.saldern-coaching.com\/de\/wp-json\/wp\/v2\/types\/page"}],"author":[{"embeddable":true,"href":"https:\/\/www.saldern-coaching.com\/de\/wp-json\/wp\/v2\/users\/1"}],"replies":[{"embeddable":true,"href":"https:\/\/www.saldern-coaching.com\/de\/wp-json\/wp\/v2\/comments?post=39"}],"version-history":[{"count":11,"href":"https:\/\/www.saldern-coaching.com\/de\/wp-json\/wp\/v2\/pages\/39\/revisions"}],"predecessor-version":[{"id":472,"href":"https:\/\/www.saldern-coaching.com\/de\/wp-json\/wp\/v2\/pages\/39\/revisions\/472"}],"wp:attachment":[{"href":"https:\/\/www.saldern-coaching.com\/de\/wp-json\/wp\/v2\/media?parent=39"}],"curies":[{"name":"wp","href":"https:\/\/api.w.org\/{rel}","templated":true}]}}