{"id":33,"date":"2021-03-13T09:32:03","date_gmt":"2021-03-13T08:32:03","guid":{"rendered":"https:\/\/www.saldern-coaching.com\/?page_id=33"},"modified":"2021-03-22T13:18:11","modified_gmt":"2021-03-22T12:18:11","slug":"karrierephasen","status":"publish","type":"page","link":"https:\/\/www.saldern-coaching.com\/de\/karrierephasen\/","title":{"rendered":"Karrierephasen"},"content":{"rendered":"\n<div class=\"wp-block-image bildlayer\"><figure class=\"alignright size-large is-resized\"><a href=\"https:\/\/www.saldern-coaching.com\/wp-content\/uploads\/2021\/03\/saldern_karrierephasen_treppe.jpg\"><img loading=\"lazy\" src=\"https:\/\/saldern-coaching.com\/wp-content\/uploads\/2021\/03\/saldern_karrierephasen_treppe.jpg\" alt=\"Karrierephasen - Treppe\" class=\"wp-image-351\" width=\"314\" height=\"150\" srcset=\"https:\/\/www.saldern-coaching.com\/wp-content\/uploads\/2021\/03\/saldern_karrierephasen_treppe.jpg 860w, https:\/\/www.saldern-coaching.com\/wp-content\/uploads\/2021\/03\/saldern_karrierephasen_treppe-300x143.jpg 300w, https:\/\/www.saldern-coaching.com\/wp-content\/uploads\/2021\/03\/saldern_karrierephasen_treppe-768x367.jpg 768w\" sizes=\"(max-width: 314px) 100vw, 314px\"><\/a><\/figure><\/div>\n\n\n\n<h2><\/h2>\n\n\n\n<h2>Karrierephasen<\/h2>\n\n\n\n<p class=\"mehrabstand\">In welch\u00ader Kar\u00adri\u00aderephase steck\u00aden&nbsp;Sie?<\/p>\n\n\n\n<h3>Berufliche Neuorientierung<\/h3>\n\n\n\n<p>Erfol\u00adgre\u00adiche Beruf\u00ads\u00adjahre liegen hin\u00adter Ihnen, jedoch mit Ihrem aktuellen Job sind Sie nicht mehr zufrieden. Ihnen fehlt Moti\u00adva\u00adtion und Antrieb. Es ist Zeit f\u00fcr eine Ver\u00e4n\u00adderung. Sie suchen eine neue Funk\u00adtion mit mehr Gestal\u00adtungs\u00adfreiraum, Sinn und Wirkungskraft. Vielle\u00adicht ist sog\u00adar ein kom\u00adplet\u00adter Beruf\u00adswech\u00adsel das Richtige. Was entspricht Ihrem Pro\u00adfil und Ihren Werten? Wo find\u00aden Sie die notwendi\u00adgen Kon\u00adtak\u00adte zu Entschei\u00addungstr\u00e4gern? Und woher holen Sie Mut und Tatkraft, dies jet\u00adzt endlich anzupacken?<\/p>\n\n\n\n<h3>F\u00fchrung im&nbsp;Job<\/h3>\n\n\n\n<p>Mit Ihrer F\u00fchrungsrolle im aktuellen Job sind Sie zufrieden. Was Sie jet\u00adzt brauchen ist ein Coach\u00ading, um in dieser Posi\u00adtion zu wach\u00adsen und die Her\u00adaus\u00adforderun\u00adgen des Beruf\u00adsum\u00adfelds sou\u00adver\u00e4n\u00ader zu meis\u00adtern. Vielle\u00adicht wur\u00adden Sie bef\u00f6rdert auf eine Stelle mit F\u00fchrungsver\u00adant\u00adwor\u00adtung, wo Ihnen die Erfahrung bish\u00ader fehlt. Oder es gibt Kon\u00adflik\u00adte im Team und mit Vorge\u00adset\u00adzten, die Sie alleine nicht l\u00f6sen k\u00f6n\u00adnen. Sie suchen einen Spar\u00adringspart\u00adner zur Reflex\u00adion \u00fcber die F\u00fchrungsrolle und wollen ihre F\u00fchrungskom\u00adpe\u00adten\u00adzen erweit\u00adern sowie mehr Sicher\u00adheit gewinnen.<\/p>\n\n\n\n<h3>Reintregration von R\u00fcckkehrern und Expats<\/h3>\n\n\n\n<p>Sie waren mehrere Jahre im Aus\u00adland\u00adsein\u00adsatz, nun ist es Zeit zur\u00fcck\u00adzukehren. Sie suchen Ori\u00aden\u00adtierung auf dem deutschen oder europ\u00e4is\u00adchen Arbeits\u00admarkt. Ihr Kon\u00adtak\u00adt\u00adnet\u00adzw\u00aderk ist nicht mehr aktuell. Ihnen fehlen die Insti\u00adtu\u00adtio\u00adnenken\u00adnt\u00adnis sowie eine real\u00adis\u00adtis\u00adche Ein\u00adsch\u00e4tzung, wo Ihr Pro\u00adfil passen k\u00f6n\u00adnte und sich Chan\u00adcen bieten.<\/p>\n\n\n\n<p>Oder Sie kom\u00admen aus dem Aus\u00adland und ori\u00aden\u00adtieren sich als Expat auf dem deutschen Arbeits\u00admarkt. Wed\u00ader ken\u00adnen Sie sich mit deutschen Bewer\u00adbung\u00adsprozessen und Stan\u00addards aus, noch mit den vielf\u00e4lti\u00adgen Sek\u00adtoren, Berufs\u00adfeldern und Insti\u00adtu\u00adtio\u00adnen. Weit\u00adere Bedenken sind fehlende Insid\u00ader-Kon\u00adtak\u00adte und Deutschkenntnisse.<\/p>\n\n\n\n<h3>Wiedereinstieg<\/h3>\n\n\n\n<p>Sie haben sich ein Sab\u00adbat\u00adi\u00adcal geg\u00f6n\u00adnt. Oder Sie haben Ihre Kar\u00adriere unter\u00adbrochen, um eine Fam\u00adi\u00adlien\u00adpause einzule\u00adgen. Wie gelingt nun der beru\u00adfliche Wiedere\u00adin\u00adstieg? W\u00e4re jet\u00adzt die Chance zum Beruf\u00adswech\u00adsel oder gar Sprung in die Selb\u00adst\u00adst\u00e4ndigkeit? Wie erk\u00adl\u00e4ren Sie dem Arbeit\u00adge\u00adber die Auszeit, und welche Fort\u00adbil\u00addun\u00adgen k\u00f6n\u00adnten zur \u00dcber\u00adbr\u00fcck\u00adung sin\u00adnvoll&nbsp;sein?<\/p>\n\n\n\n<h3>Berufseinstieg<\/h3>\n\n\n\n<p>Frisch von der Uni und es stellen sich gle\u00adich so viele Fra\u00adgen. Wo liegen Ihre Kernkom\u00adpe\u00adten\u00adzen und Tal\u00adente? Was ist Ihr konkretes Beruf\u00adsziel? Welche Sek\u00adtoren und Berufs\u00adfelder kom\u00admen in Frage und welche Funk\u00adtio\u00adnen? Die Konkur\u00adrenz ist gut aufgestellt. Wie \u00fcberzeu\u00adgen Sie den Arbeit\u00adge\u00adber im Lebenslauf, Anschreiben und Inter\u00adview, dass Sie der richtige Kan\u00addi\u00addat sind? Wo find\u00aden sich geeignete Stellen, ins\u00adbeson\u00addere auf dem ver\u00adbor\u00adge\u00adnen Arbeits\u00admarkt? Und oft so entschei\u00addend: wie bauen Sie Ihr Kon\u00adtak\u00adt\u00adnet\u00adzw\u00aderk in diesem Sek\u00adtor&nbsp;aus?<\/p>\n","protected":false},"excerpt":{"rendered":"<p>Kar\u00adri\u00aderephasen In welch\u00ader Kar\u00adri\u00aderephase steck\u00aden&nbsp;Sie? Beru\u00adfliche Neuori\u00aden\u00adtierung Erfol\u00adgre\u00adiche Beruf\u00ads\u00adjahre liegen hin\u00adter Ihnen, jedoch mit Ihrem aktuellen Job sind Sie nicht mehr zufrieden. Ihnen fehlt Moti\u00adva\u00adtion und Antrieb. Es ist Zeit f\u00fcr eine Ver\u00e4n\u00adderung. Sie suchen eine neue Funk\u00adtion mit mehr Gestal\u00adtungs\u00adfreiraum, Sinn und Wirkungskraft. Vielle\u00adicht ist sog\u00adar ein kom\u00adplet\u00adter Beruf\u00adswech\u00adsel das Richtige. Was entspricht Ihrem&nbsp;\u2026<\/p>\n","protected":false},"author":1,"featured_media":0,"parent":0,"menu_order":0,"comment_status":"closed","ping_status":"closed","template":"","meta":{"wp_typography_post_enhancements_disabled":false},"yoast_head":"<!-- This site is optimized with the Yoast SEO plugin v19.9 - https:\/\/yoast.com\/wordpress\/plugins\/seo\/ -->\n<title>Career Steps: von Saldern | Career Counselor &amp; Coach<\/title>\n<meta name=\"description\" content=\"Career Steps - Career Counselor &amp; Coach | Englisch German: Reorientation for mid-career and senior, women empowerment, returnees and expats\" \/>\n<meta name=\"robots\" content=\"index, follow, max-snippet:-1, max-image-preview:large, max-video-preview:-1\" \/>\n<link rel=\"canonical\" href=\"https:\/\/www.saldern-coaching.com\/en\/karrierephasen\/\" \/>\n<meta property=\"og:locale\" content=\"de_DE\" \/>\n<meta property=\"og:type\" content=\"article\" \/>\n<meta property=\"og:title\" content=\"Career Steps: von Saldern | Career Counselor &amp; Coach\" \/>\n<meta property=\"og:description\" content=\"Career Steps - Career Counselor &amp; Coach | Englisch German: Reorientation for mid-career and senior, women empowerment, returnees and expats\" \/>\n<meta property=\"og:url\" content=\"https:\/\/www.saldern-coaching.com\/en\/karrierephasen\/\" \/>\n<meta property=\"og:site_name\" content=\"Jacqueline von Saldern\" \/>\n<meta property=\"article:modified_time\" content=\"2021-03-22T12:18:11+00:00\" \/>\n<meta property=\"og:image\" content=\"https:\/\/saldern-coaching.com\/wp-content\/uploads\/2021\/03\/saldern_karrierephasen_treppe.jpg\" \/>\n<meta name=\"twitter:card\" content=\"summary_large_image\" \/>\n<meta name=\"twitter:label1\" content=\"Gesch\u00e4tzte Lesezeit\" \/>\n\t<meta name=\"twitter:data1\" content=\"3\u00a0Minuten\" \/>\n<script type=\"application\/ld+json\" class=\"yoast-schema-graph\">{\"@context\":\"https:\/\/schema.org\",\"@graph\":[{\"@type\":\"WebPage\",\"@id\":\"https:\/\/www.saldern-coaching.com\/en\/karrierephasen\/\",\"url\":\"https:\/\/www.saldern-coaching.com\/en\/karrierephasen\/\",\"name\":\"Career Steps: von Saldern | Career Counselor & Coach\",\"isPartOf\":{\"@id\":\"https:\/\/www.saldern-coaching.com\/#website\"},\"datePublished\":\"2021-03-13T08:32:03+00:00\",\"dateModified\":\"2021-03-22T12:18:11+00:00\",\"description\":\"Career Steps - Career Counselor & Coach | Englisch German: Reorientation for mid-career and senior, women empowerment, returnees and expats\",\"breadcrumb\":{\"@id\":\"https:\/\/www.saldern-coaching.com\/en\/karrierephasen\/#breadcrumb\"},\"inLanguage\":\"de-DE\",\"potentialAction\":[{\"@type\":\"ReadAction\",\"target\":[\"https:\/\/www.saldern-coaching.com\/en\/karrierephasen\/\"]}]},{\"@type\":\"BreadcrumbList\",\"@id\":\"https:\/\/www.saldern-coaching.com\/en\/karrierephasen\/#breadcrumb\",\"itemListElement\":[{\"@type\":\"ListItem\",\"position\":1,\"name\":\"Startseite\",\"item\":\"https:\/\/www.saldern-coaching.com\/de\/\"},{\"@type\":\"ListItem\",\"position\":2,\"name\":\"Career Steps\"}]},{\"@type\":\"WebSite\",\"@id\":\"https:\/\/www.saldern-coaching.com\/#website\",\"url\":\"https:\/\/www.saldern-coaching.com\/\",\"name\":\"Jacqueline von Saldern\",\"description\":\"Career Counselor &amp; Coach\",\"publisher\":{\"@id\":\"https:\/\/www.saldern-coaching.com\/#\/schema\/person\/9885151246b8c7a4f807e339b6c72f99\"},\"potentialAction\":[{\"@type\":\"SearchAction\",\"target\":{\"@type\":\"EntryPoint\",\"urlTemplate\":\"https:\/\/www.saldern-coaching.com\/?s={search_term_string}\"},\"query-input\":\"required name=search_term_string\"}],\"inLanguage\":\"de-DE\"},{\"@type\":[\"Person\",\"Organization\"],\"@id\":\"https:\/\/www.saldern-coaching.com\/#\/schema\/person\/9885151246b8c7a4f807e339b6c72f99\",\"name\":\"stephanie\",\"image\":{\"@type\":\"ImageObject\",\"inLanguage\":\"de-DE\",\"@id\":\"https:\/\/www.saldern-coaching.com\/#\/schema\/person\/image\/\",\"url\":\"https:\/\/www.saldern-coaching.com\/wp-content\/uploads\/2021\/03\/salderncoaching_header.jpg\",\"contentUrl\":\"https:\/\/www.saldern-coaching.com\/wp-content\/uploads\/2021\/03\/salderncoaching_header.jpg\",\"width\":838,\"height\":140,\"caption\":\"stephanie\"},\"logo\":{\"@id\":\"https:\/\/www.saldern-coaching.com\/#\/schema\/person\/image\/\"}}]}<\/script>\n<!-- \/ Yoast SEO plugin. -->","yoast_head_json":{"title":"Career Steps: von Saldern | Career Counselor & Coach","description":"Career Steps - Career Counselor & Coach | Englisch German: Reorientation for mid-career and senior, women empowerment, returnees and expats","robots":{"index":"index","follow":"follow","max-snippet":"max-snippet:-1","max-image-preview":"max-image-preview:large","max-video-preview":"max-video-preview:-1"},"canonical":"https:\/\/www.saldern-coaching.com\/en\/karrierephasen\/","og_locale":"de_DE","og_type":"article","og_title":"Career Steps: von Saldern | Career Counselor & Coach","og_description":"Career Steps - Career Counselor & Coach | Englisch German: Reorientation for mid-career and senior, women empowerment, returnees and expats","og_url":"https:\/\/www.saldern-coaching.com\/en\/karrierephasen\/","og_site_name":"Jacqueline von Saldern","article_modified_time":"2021-03-22T12:18:11+00:00","og_image":[{"url":"https:\/\/saldern-coaching.com\/wp-content\/uploads\/2021\/03\/saldern_karrierephasen_treppe.jpg"}],"twitter_card":"summary_large_image","twitter_misc":{"Gesch\u00e4tzte Lesezeit":"3\u00a0Minuten"},"schema":{"@context":"https:\/\/schema.org","@graph":[{"@type":"WebPage","@id":"https:\/\/www.saldern-coaching.com\/en\/karrierephasen\/","url":"https:\/\/www.saldern-coaching.com\/en\/karrierephasen\/","name":"Career Steps: von Saldern | Career Counselor & Coach","isPartOf":{"@id":"https:\/\/www.saldern-coaching.com\/#website"},"datePublished":"2021-03-13T08:32:03+00:00","dateModified":"2021-03-22T12:18:11+00:00","description":"Career Steps - Career Counselor & Coach | Englisch German: Reorientation for mid-career and senior, women empowerment, returnees and expats","breadcrumb":{"@id":"https:\/\/www.saldern-coaching.com\/en\/karrierephasen\/#breadcrumb"},"inLanguage":"de-DE","potentialAction":[{"@type":"ReadAction","target":["https:\/\/www.saldern-coaching.com\/en\/karrierephasen\/"]}]},{"@type":"BreadcrumbList","@id":"https:\/\/www.saldern-coaching.com\/en\/karrierephasen\/#breadcrumb","itemListElement":[{"@type":"ListItem","position":1,"name":"Startseite","item":"https:\/\/www.saldern-coaching.com\/de\/"},{"@type":"ListItem","position":2,"name":"Career Steps"}]},{"@type":"WebSite","@id":"https:\/\/www.saldern-coaching.com\/#website","url":"https:\/\/www.saldern-coaching.com\/","name":"Jacqueline von Saldern","description":"Career Counselor &amp; Coach","publisher":{"@id":"https:\/\/www.saldern-coaching.com\/#\/schema\/person\/9885151246b8c7a4f807e339b6c72f99"},"potentialAction":[{"@type":"SearchAction","target":{"@type":"EntryPoint","urlTemplate":"https:\/\/www.saldern-coaching.com\/?s={search_term_string}"},"query-input":"required name=search_term_string"}],"inLanguage":"de-DE"},{"@type":["Person","Organization"],"@id":"https:\/\/www.saldern-coaching.com\/#\/schema\/person\/9885151246b8c7a4f807e339b6c72f99","name":"stephanie","image":{"@type":"ImageObject","inLanguage":"de-DE","@id":"https:\/\/www.saldern-coaching.com\/#\/schema\/person\/image\/","url":"https:\/\/www.saldern-coaching.com\/wp-content\/uploads\/2021\/03\/salderncoaching_header.jpg","contentUrl":"https:\/\/www.saldern-coaching.com\/wp-content\/uploads\/2021\/03\/salderncoaching_header.jpg","width":838,"height":140,"caption":"stephanie"},"logo":{"@id":"https:\/\/www.saldern-coaching.com\/#\/schema\/person\/image\/"}}]}},"_links":{"self":[{"href":"https:\/\/www.saldern-coaching.com\/de\/wp-json\/wp\/v2\/pages\/33"}],"collection":[{"href":"https:\/\/www.saldern-coaching.com\/de\/wp-json\/wp\/v2\/pages"}],"about":[{"href":"https:\/\/www.saldern-coaching.com\/de\/wp-json\/wp\/v2\/types\/page"}],"author":[{"embeddable":true,"href":"https:\/\/www.saldern-coaching.com\/de\/wp-json\/wp\/v2\/users\/1"}],"replies":[{"embeddable":true,"href":"https:\/\/www.saldern-coaching.com\/de\/wp-json\/wp\/v2\/comments?post=33"}],"version-history":[{"count":24,"href":"https:\/\/www.saldern-coaching.com\/de\/wp-json\/wp\/v2\/pages\/33\/revisions"}],"predecessor-version":[{"id":462,"href":"https:\/\/www.saldern-coaching.com\/de\/wp-json\/wp\/v2\/pages\/33\/revisions\/462"}],"wp:attachment":[{"href":"https:\/\/www.saldern-coaching.com\/de\/wp-json\/wp\/v2\/media?parent=33"}],"curies":[{"name":"wp","href":"https:\/\/api.w.org\/{rel}","templated":true}]}}