{"id":31,"date":"2021-03-13T09:31:42","date_gmt":"2021-03-13T08:31:42","guid":{"rendered":"https:\/\/www.saldern-coaching.com\/?page_id=31"},"modified":"2021-03-22T13:02:40","modified_gmt":"2021-03-22T12:02:40","slug":"home","status":"publish","type":"page","link":"https:\/\/www.saldern-coaching.com\/de\/","title":{"rendered":"Home"},"content":{"rendered":"\n<div class=\"wp-block-image\"><figure class=\"aligncenter size-large\"><img src=\"https:\/\/saldern-coaching.com\/wp-content\/uploads\/2021\/03\/grafik_startseite.jpg\" alt=\"Home - Jacqueline von Saldern\" class=\"wp-image-15\"><\/figure><\/div>\n\n\n\n<p><\/p>\n\n\n\n<p>   <\/p>\n","protected":false},"excerpt":{"rendered":"","protected":false},"author":1,"featured_media":0,"parent":0,"menu_order":0,"comment_status":"closed","ping_status":"closed","template":"","meta":{"wp_typography_post_enhancements_disabled":false},"yoast_head":"<!-- This site is optimized with the Yoast SEO plugin v19.9 - https:\/\/yoast.com\/wordpress\/plugins\/seo\/ -->\n<title>Home: von Saldern | Karriereberatung &amp; Coaching<\/title>\n<meta name=\"description\" content=\"Home - Karriereberatung &amp; Coaching | Deutsch Englisch: Neuorientierung f\u00fcr Fach- und F\u00fchrungskr\u00e4fte, F\u00f6rderung von Frauen, Expats\" \/>\n<meta name=\"robots\" content=\"index, follow, max-snippet:-1, max-image-preview:large, max-video-preview:-1\" \/>\n<link rel=\"canonical\" href=\"https:\/\/www.saldern-coaching.com\/de\/\" \/>\n<meta property=\"og:locale\" content=\"de_DE\" \/>\n<meta property=\"og:type\" content=\"article\" \/>\n<meta property=\"og:title\" content=\"Home: von Saldern | Karriereberatung &amp; Coaching\" \/>\n<meta property=\"og:description\" content=\"Home - Karriereberatung &amp; Coaching | Deutsch Englisch: Neuorientierung f\u00fcr Fach- und F\u00fchrungskr\u00e4fte, F\u00f6rderung von Frauen, Expats\" \/>\n<meta property=\"og:url\" content=\"https:\/\/www.saldern-coaching.com\/de\/\" \/>\n<meta property=\"og:site_name\" content=\"Jacqueline von Saldern\" \/>\n<meta property=\"article:modified_time\" content=\"2021-03-22T12:02:40+00:00\" \/>\n<meta property=\"og:image\" content=\"https:\/\/saldern-coaching.com\/wp-content\/uploads\/2021\/03\/grafik_startseite.jpg\" \/>\n<meta name=\"twitter:card\" content=\"summary_large_image\" \/>\n<meta name=\"twitter:label1\" content=\"Gesch\u00e4tzte Lesezeit\" \/>\n\t<meta name=\"twitter:data1\" content=\"1\u00a0Minute\" \/>\n<script type=\"application\/ld+json\" class=\"yoast-schema-graph\">{\"@context\":\"https:\/\/schema.org\",\"@graph\":[{\"@type\":\"WebPage\",\"@id\":\"https:\/\/www.saldern-coaching.com\/de\/\",\"url\":\"https:\/\/www.saldern-coaching.com\/de\/\",\"name\":\"Home: von Saldern | Karriereberatung & Coaching\",\"isPartOf\":{\"@id\":\"https:\/\/www.saldern-coaching.com\/#website\"},\"datePublished\":\"2021-03-13T08:31:42+00:00\",\"dateModified\":\"2021-03-22T12:02:40+00:00\",\"description\":\"Home - Karriereberatung & Coaching | Deutsch Englisch: Neuorientierung f\u00fcr Fach- und F\u00fchrungskr\u00e4fte, F\u00f6rderung von Frauen, Expats\",\"breadcrumb\":{\"@id\":\"https:\/\/www.saldern-coaching.com\/de\/#breadcrumb\"},\"inLanguage\":\"de-DE\",\"potentialAction\":[{\"@type\":\"ReadAction\",\"target\":[\"https:\/\/www.saldern-coaching.com\/de\/\"]}]},{\"@type\":\"BreadcrumbList\",\"@id\":\"https:\/\/www.saldern-coaching.com\/de\/#breadcrumb\",\"itemListElement\":[{\"@type\":\"ListItem\",\"position\":1,\"name\":\"Startseite\",\"item\":\"https:\/\/www.saldern-coaching.com\/de\/\"},{\"@type\":\"ListItem\",\"position\":2,\"name\":\"Home\"}]},{\"@type\":\"WebSite\",\"@id\":\"https:\/\/www.saldern-coaching.com\/#website\",\"url\":\"https:\/\/www.saldern-coaching.com\/\",\"name\":\"Jacqueline von Saldern\",\"description\":\"Career Counselor &amp; Coach\",\"publisher\":{\"@id\":\"https:\/\/www.saldern-coaching.com\/#\/schema\/person\/9885151246b8c7a4f807e339b6c72f99\"},\"potentialAction\":[{\"@type\":\"SearchAction\",\"target\":{\"@type\":\"EntryPoint\",\"urlTemplate\":\"https:\/\/www.saldern-coaching.com\/?s={search_term_string}\"},\"query-input\":\"required name=search_term_string\"}],\"inLanguage\":\"de-DE\"},{\"@type\":[\"Person\",\"Organization\"],\"@id\":\"https:\/\/www.saldern-coaching.com\/#\/schema\/person\/9885151246b8c7a4f807e339b6c72f99\",\"name\":\"stephanie\",\"image\":{\"@type\":\"ImageObject\",\"inLanguage\":\"de-DE\",\"@id\":\"https:\/\/www.saldern-coaching.com\/#\/schema\/person\/image\/\",\"url\":\"https:\/\/www.saldern-coaching.com\/wp-content\/uploads\/2021\/03\/salderncoaching_header.jpg\",\"contentUrl\":\"https:\/\/www.saldern-coaching.com\/wp-content\/uploads\/2021\/03\/salderncoaching_header.jpg\",\"width\":838,\"height\":140,\"caption\":\"stephanie\"},\"logo\":{\"@id\":\"https:\/\/www.saldern-coaching.com\/#\/schema\/person\/image\/\"}}]}<\/script>\n<!-- \/ Yoast SEO plugin. -->","yoast_head_json":{"title":"Home: von Saldern | Karriereberatung & Coaching","description":"Home - Karriereberatung & Coaching | Deutsch Englisch: Neuorientierung f\u00fcr Fach- und F\u00fchrungskr\u00e4fte, F\u00f6rderung von Frauen, Expats","robots":{"index":"index","follow":"follow","max-snippet":"max-snippet:-1","max-image-preview":"max-image-preview:large","max-video-preview":"max-video-preview:-1"},"canonical":"https:\/\/www.saldern-coaching.com\/de\/","og_locale":"de_DE","og_type":"article","og_title":"Home: von Saldern | Karriereberatung & Coaching","og_description":"Home - Karriereberatung & Coaching | Deutsch Englisch: Neuorientierung f\u00fcr Fach- und F\u00fchrungskr\u00e4fte, F\u00f6rderung von Frauen, Expats","og_url":"https:\/\/www.saldern-coaching.com\/de\/","og_site_name":"Jacqueline von Saldern","article_modified_time":"2021-03-22T12:02:40+00:00","og_image":[{"url":"https:\/\/saldern-coaching.com\/wp-content\/uploads\/2021\/03\/grafik_startseite.jpg"}],"twitter_card":"summary_large_image","twitter_misc":{"Gesch\u00e4tzte Lesezeit":"1\u00a0Minute"},"schema":{"@context":"https:\/\/schema.org","@graph":[{"@type":"WebPage","@id":"https:\/\/www.saldern-coaching.com\/de\/","url":"https:\/\/www.saldern-coaching.com\/de\/","name":"Home: von Saldern | Karriereberatung & Coaching","isPartOf":{"@id":"https:\/\/www.saldern-coaching.com\/#website"},"datePublished":"2021-03-13T08:31:42+00:00","dateModified":"2021-03-22T12:02:40+00:00","description":"Home - Karriereberatung & Coaching | Deutsch Englisch: Neuorientierung f\u00fcr Fach- und F\u00fchrungskr\u00e4fte, F\u00f6rderung von Frauen, Expats","breadcrumb":{"@id":"https:\/\/www.saldern-coaching.com\/de\/#breadcrumb"},"inLanguage":"de-DE","potentialAction":[{"@type":"ReadAction","target":["https:\/\/www.saldern-coaching.com\/de\/"]}]},{"@type":"BreadcrumbList","@id":"https:\/\/www.saldern-coaching.com\/de\/#breadcrumb","itemListElement":[{"@type":"ListItem","position":1,"name":"Startseite","item":"https:\/\/www.saldern-coaching.com\/de\/"},{"@type":"ListItem","position":2,"name":"Home"}]},{"@type":"WebSite","@id":"https:\/\/www.saldern-coaching.com\/#website","url":"https:\/\/www.saldern-coaching.com\/","name":"Jacqueline von Saldern","description":"Career Counselor &amp; Coach","publisher":{"@id":"https:\/\/www.saldern-coaching.com\/#\/schema\/person\/9885151246b8c7a4f807e339b6c72f99"},"potentialAction":[{"@type":"SearchAction","target":{"@type":"EntryPoint","urlTemplate":"https:\/\/www.saldern-coaching.com\/?s={search_term_string}"},"query-input":"required name=search_term_string"}],"inLanguage":"de-DE"},{"@type":["Person","Organization"],"@id":"https:\/\/www.saldern-coaching.com\/#\/schema\/person\/9885151246b8c7a4f807e339b6c72f99","name":"stephanie","image":{"@type":"ImageObject","inLanguage":"de-DE","@id":"https:\/\/www.saldern-coaching.com\/#\/schema\/person\/image\/","url":"https:\/\/www.saldern-coaching.com\/wp-content\/uploads\/2021\/03\/salderncoaching_header.jpg","contentUrl":"https:\/\/www.saldern-coaching.com\/wp-content\/uploads\/2021\/03\/salderncoaching_header.jpg","width":838,"height":140,"caption":"stephanie"},"logo":{"@id":"https:\/\/www.saldern-coaching.com\/#\/schema\/person\/image\/"}}]}},"_links":{"self":[{"href":"https:\/\/www.saldern-coaching.com\/de\/wp-json\/wp\/v2\/pages\/31"}],"collection":[{"href":"https:\/\/www.saldern-coaching.com\/de\/wp-json\/wp\/v2\/pages"}],"about":[{"href":"https:\/\/www.saldern-coaching.com\/de\/wp-json\/wp\/v2\/types\/page"}],"author":[{"embeddable":true,"href":"https:\/\/www.saldern-coaching.com\/de\/wp-json\/wp\/v2\/users\/1"}],"replies":[{"embeddable":true,"href":"https:\/\/www.saldern-coaching.com\/de\/wp-json\/wp\/v2\/comments?post=31"}],"version-history":[{"count":6,"href":"https:\/\/www.saldern-coaching.com\/de\/wp-json\/wp\/v2\/pages\/31\/revisions"}],"predecessor-version":[{"id":454,"href":"https:\/\/www.saldern-coaching.com\/de\/wp-json\/wp\/v2\/pages\/31\/revisions\/454"}],"wp:attachment":[{"href":"https:\/\/www.saldern-coaching.com\/de\/wp-json\/wp\/v2\/media?parent=31"}],"curies":[{"name":"wp","href":"https:\/\/api.w.org\/{rel}","templated":true}]}}